{"id":1187,"date":"2025-03-31T16:54:48","date_gmt":"2025-03-31T14:54:48","guid":{"rendered":"http:\/\/www.dundo-interijeri.hr\/?post_type=product&#038;p=1187"},"modified":"2025-04-01T12:08:53","modified_gmt":"2025-04-01T10:08:53","slug":"rolete","status":"publish","type":"product","link":"https:\/\/www.dundo-interijeri.hr\/de\/proizvod\/rolete\/","title":{"rendered":"Rolete"},"content":{"rendered":"","protected":false},"excerpt":{"rendered":"<p class=\"\" data-start=\"63\" data-end=\"330\">Rolete su <strong data-start=\"73\" data-end=\"149\">idealno rje\u0161enje za za\u0161titu i udobnost va\u0161eg doma ili poslovnog prostora<\/strong>. Osiguravaju <strong data-start=\"163\" data-end=\"185\">potpuno zamra\u010denje<\/strong>, \u0161tite stolariju i prozore od svih vremenskih uvjeta \u2013 <strong data-start=\"241\" data-end=\"274\">ki\u0161e, sunca, vjetra i snijega<\/strong>, te pru\u017eaju <strong data-start=\"287\" data-end=\"327\">izvrsnu toplinsku i zvu\u010dnu izolaciju<\/strong>.<\/p>\n<p class=\"\" data-start=\"332\" data-end=\"610\">\u2705 <strong data-start=\"334\" data-end=\"360\">Za\u0161to odabrati rolete?<\/strong><br data-start=\"360\" data-end=\"363\" \/>\ud83d\udd39 <strong data-start=\"366\" data-end=\"385\">Potpuna za\u0161tita<\/strong> \u2013 produ\u017euju vijek trajanja prozora i smanjuju utjecaj vanjskih faktora<br data-start=\"456\" data-end=\"459\" \/>\ud83d\udd39 <strong data-start=\"462\" data-end=\"475\">Izolacija<\/strong> \u2013 smanjuju gubitak topline zimi i grijanje prostora ljeti<br data-start=\"533\" data-end=\"536\" \/>\ud83d\udd39 <strong data-start=\"539\" data-end=\"553\">Zamra\u010denje<\/strong> \u2013 osiguravaju miran san i privatnost u svakom trenutku<\/p>\n<p class=\"\" data-start=\"612\" data-end=\"796\">\ud83c\udfa8 <strong data-start=\"615\" data-end=\"640\">Mogu\u0107nosti prilagodbe<\/strong><br data-start=\"640\" data-end=\"643\" \/>\ud83d\udccc Izrada s <strong data-start=\"655\" data-end=\"690\">vanjskom ili unutarnjom kutijom<\/strong><br data-start=\"690\" data-end=\"693\" \/>\ud83d\udccc Dostupne u <strong data-start=\"707\" data-end=\"737\">PVC i aluminijskoj izvedbi<\/strong><br data-start=\"737\" data-end=\"740\" \/>\ud83d\udccc \u0160irok izbor boja za savr\u0161eno uklapanje u eksterijer<\/p>\n<p class=\"\" data-start=\"798\" data-end=\"966\">\ud83c\udfaf <strong data-start=\"801\" data-end=\"842\">Pametno upravljanje za ve\u0107u udobnost!<\/strong><br data-start=\"842\" data-end=\"845\" \/>\u2705 <strong data-start=\"847\" data-end=\"866\">Ru\u010dno podizanje<\/strong><br data-start=\"866\" data-end=\"869\" \/>\u2705 <strong data-start=\"871\" data-end=\"908\">Motor s tipkalom (zidni prekida\u010d)<\/strong><br data-start=\"908\" data-end=\"911\" \/>\u2705 <strong data-start=\"913\" data-end=\"938\">Daljinsko upravljanje<\/strong> za maksimalnu prakti\u010dnost<\/p>\n<p class=\"\" data-start=\"968\" data-end=\"1096\">\ud83d\udccf <strong data-start=\"971\" data-end=\"1017\">Izlazimo na izmjeru i osiguravamo monta\u017eu!<\/strong><br data-start=\"1017\" data-end=\"1020\" \/>\u2714\ufe0f <strong data-start=\"1023\" data-end=\"1056\">Garancija i servis osigurani!<\/strong><br data-start=\"1056\" data-end=\"1059\" \/>\ud83d\udd27 <strong data-start=\"1062\" data-end=\"1094\">Brz i pouzdan servis roleta!<\/strong><\/p>\n<p class=\"\" data-start=\"1098\" data-end=\"1172\">\ud83d\udce9 <strong data-start=\"1101\" data-end=\"1170\">Kontaktirajte nas i odaberite rolete prilago\u0111ene va\u0161im potrebama!<\/strong><\/p>\n","protected":false},"featured_media":1198,"comment_status":"closed","ping_status":"closed","template":"","meta":{"_acf_changed":false},"product_brand":[],"product_cat":[47],"product_tag":[],"class_list":{"0":"post-1187","1":"product","2":"type-product","3":"status-publish","4":"has-post-thumbnail","6":"product_cat-rolete","8":"first","9":"instock","10":"shipping-taxable","11":"product-type-simple"},"acf":[],"_links":{"self":[{"href":"https:\/\/www.dundo-interijeri.hr\/de\/wp-json\/wp\/v2\/product\/1187","targetHints":{"allow":["GET"]}}],"collection":[{"href":"https:\/\/www.dundo-interijeri.hr\/de\/wp-json\/wp\/v2\/product"}],"about":[{"href":"https:\/\/www.dundo-interijeri.hr\/de\/wp-json\/wp\/v2\/types\/product"}],"replies":[{"embeddable":true,"href":"https:\/\/www.dundo-interijeri.hr\/de\/wp-json\/wp\/v2\/comments?post=1187"}],"wp:featuredmedia":[{"embeddable":true,"href":"https:\/\/www.dundo-interijeri.hr\/de\/wp-json\/wp\/v2\/media\/1198"}],"wp:attachment":[{"href":"https:\/\/www.dundo-interijeri.hr\/de\/wp-json\/wp\/v2\/media?parent=1187"}],"wp:term":[{"taxonomy":"product_brand","embeddable":true,"href":"https:\/\/www.dundo-interijeri.hr\/de\/wp-json\/wp\/v2\/product_brand?post=1187"},{"taxonomy":"product_cat","embeddable":true,"href":"https:\/\/www.dundo-interijeri.hr\/de\/wp-json\/wp\/v2\/product_cat?post=1187"},{"taxonomy":"product_tag","embeddable":true,"href":"https:\/\/www.dundo-interijeri.hr\/de\/wp-json\/wp\/v2\/product_tag?post=1187"}],"curies":[{"name":"wp","href":"https:\/\/api.w.org\/{rel}","templated":true}]}}