{"id":1121,"date":"2025-03-26T15:26:45","date_gmt":"2025-03-26T14:26:45","guid":{"rendered":"http:\/\/www.dundo-interijeri.hr\/?post_type=product&#038;p=1121"},"modified":"2025-04-07T12:27:03","modified_gmt":"2025-04-07T10:27:03","slug":"plise-komarnici","status":"publish","type":"product","link":"https:\/\/www.dundo-interijeri.hr\/de\/proizvod\/plise-komarnici\/","title":{"rendered":"Plise komarnici"},"content":{"rendered":"","protected":false},"excerpt":{"rendered":"<p><strong>Plise komarnici<\/strong> imaju naboranu mre\u017eicu koja se elegantno sklapa u paket, omogu\u0107uju\u0107i glatko otvaranje i zatvaranje poput harmonike. \u2728<\/p>\n<p>\ud83d\udc49 Mogu\u0107e otvaranje na lijevu ili desnu stranu te iz sredine u oba smjera.<br \/>\n\ud83d\udccf <strong>Profesionalna izmjera i monta\u017ea<\/strong> osigurani.<br \/>\n\ud83d\udd27 <strong>Garancija i servis<\/strong> uklju\u010deni.<\/p>\n<p>&nbsp;<\/p>\n","protected":false},"featured_media":1389,"comment_status":"closed","ping_status":"closed","template":"","meta":{"_acf_changed":false},"product_brand":[],"product_cat":[46],"product_tag":[],"class_list":{"0":"post-1121","1":"product","2":"type-product","3":"status-publish","4":"has-post-thumbnail","6":"product_cat-komarnici","8":"first","9":"instock","10":"shipping-taxable","11":"product-type-simple"},"acf":[],"_links":{"self":[{"href":"https:\/\/www.dundo-interijeri.hr\/de\/wp-json\/wp\/v2\/product\/1121","targetHints":{"allow":["GET"]}}],"collection":[{"href":"https:\/\/www.dundo-interijeri.hr\/de\/wp-json\/wp\/v2\/product"}],"about":[{"href":"https:\/\/www.dundo-interijeri.hr\/de\/wp-json\/wp\/v2\/types\/product"}],"replies":[{"embeddable":true,"href":"https:\/\/www.dundo-interijeri.hr\/de\/wp-json\/wp\/v2\/comments?post=1121"}],"wp:featuredmedia":[{"embeddable":true,"href":"https:\/\/www.dundo-interijeri.hr\/de\/wp-json\/wp\/v2\/media\/1389"}],"wp:attachment":[{"href":"https:\/\/www.dundo-interijeri.hr\/de\/wp-json\/wp\/v2\/media?parent=1121"}],"wp:term":[{"taxonomy":"product_brand","embeddable":true,"href":"https:\/\/www.dundo-interijeri.hr\/de\/wp-json\/wp\/v2\/product_brand?post=1121"},{"taxonomy":"product_cat","embeddable":true,"href":"https:\/\/www.dundo-interijeri.hr\/de\/wp-json\/wp\/v2\/product_cat?post=1121"},{"taxonomy":"product_tag","embeddable":true,"href":"https:\/\/www.dundo-interijeri.hr\/de\/wp-json\/wp\/v2\/product_tag?post=1121"}],"curies":[{"name":"wp","href":"https:\/\/api.w.org\/{rel}","templated":true}]}}