{"id":1120,"date":"2025-03-26T15:23:18","date_gmt":"2025-03-26T14:23:18","guid":{"rendered":"http:\/\/www.dundo-interijeri.hr\/?post_type=product&#038;p=1120"},"modified":"2025-04-07T12:26:19","modified_gmt":"2025-04-07T10:26:19","slug":"fiksni-komarnici","status":"publish","type":"product","link":"https:\/\/www.dundo-interijeri.hr\/de\/proizvod\/fiksni-komarnici\/","title":{"rendered":"Fiksni komarnici"},"content":{"rendered":"","protected":false},"excerpt":{"rendered":"<h3 class=\"\" data-start=\"57\" data-end=\"118\">\ud83e\udd9f Fiksni komarnici \u2013 diskretna i u\u010dinkovita za\u0161tita! \u2705<\/h3>\n<p class=\"\" data-start=\"120\" data-end=\"388\">\ud83d\udd39 <strong data-start=\"123\" data-end=\"149\">Za\u0161tita bez kompromisa<\/strong> \u2013 idealni za prozore gdje nije potreban prolaz \ud83d\udeaa<br data-start=\"199\" data-end=\"202\" \/>\ud83d\udd39 <strong data-start=\"205\" data-end=\"233\">Jednostavno postavljanje<\/strong> \u2013 lako se montiraju i skidaju za \u010di\u0161\u0107enje \u2728<br data-start=\"277\" data-end=\"280\" \/>\ud83d\udd39 <strong data-start=\"283\" data-end=\"308\">Kvalitetni materijali<\/strong> \u2013 aluminijski okviri i mre\u017eica od staklenih vlakana, poliestera ili metala \ud83c\udfe1<\/p>\n<p class=\"\" data-start=\"390\" data-end=\"492\">\ud83d\udccf <strong data-start=\"393\" data-end=\"439\">Besplatna izmjera i profesionalna monta\u017ea!<\/strong> \ud83d\udc77\u200d\u2642\ufe0f\ud83d\udd27<br data-start=\"447\" data-end=\"450\" \/>\ud83d\udee1\ufe0f <strong data-start=\"454\" data-end=\"487\">Garancija i servis osigurani!<\/strong> \ud83d\udcaf<\/p>\n","protected":false},"featured_media":1343,"comment_status":"closed","ping_status":"closed","template":"","meta":{"_acf_changed":false},"product_brand":[],"product_cat":[46],"product_tag":[],"class_list":{"0":"post-1120","1":"product","2":"type-product","3":"status-publish","4":"has-post-thumbnail","6":"product_cat-komarnici","8":"first","9":"instock","10":"shipping-taxable","11":"product-type-simple"},"acf":[],"_links":{"self":[{"href":"https:\/\/www.dundo-interijeri.hr\/de\/wp-json\/wp\/v2\/product\/1120","targetHints":{"allow":["GET"]}}],"collection":[{"href":"https:\/\/www.dundo-interijeri.hr\/de\/wp-json\/wp\/v2\/product"}],"about":[{"href":"https:\/\/www.dundo-interijeri.hr\/de\/wp-json\/wp\/v2\/types\/product"}],"replies":[{"embeddable":true,"href":"https:\/\/www.dundo-interijeri.hr\/de\/wp-json\/wp\/v2\/comments?post=1120"}],"wp:featuredmedia":[{"embeddable":true,"href":"https:\/\/www.dundo-interijeri.hr\/de\/wp-json\/wp\/v2\/media\/1343"}],"wp:attachment":[{"href":"https:\/\/www.dundo-interijeri.hr\/de\/wp-json\/wp\/v2\/media?parent=1120"}],"wp:term":[{"taxonomy":"product_brand","embeddable":true,"href":"https:\/\/www.dundo-interijeri.hr\/de\/wp-json\/wp\/v2\/product_brand?post=1120"},{"taxonomy":"product_cat","embeddable":true,"href":"https:\/\/www.dundo-interijeri.hr\/de\/wp-json\/wp\/v2\/product_cat?post=1120"},{"taxonomy":"product_tag","embeddable":true,"href":"https:\/\/www.dundo-interijeri.hr\/de\/wp-json\/wp\/v2\/product_tag?post=1120"}],"curies":[{"name":"wp","href":"https:\/\/api.w.org\/{rel}","templated":true}]}}