{"id":1118,"date":"2025-03-26T15:21:44","date_gmt":"2025-03-26T14:21:44","guid":{"rendered":"http:\/\/www.dundo-interijeri.hr\/?post_type=product&#038;p=1118"},"modified":"2025-04-07T12:25:35","modified_gmt":"2025-04-07T10:25:35","slug":"rolo-komarnici","status":"publish","type":"product","link":"https:\/\/www.dundo-interijeri.hr\/de\/proizvod\/rolo-komarnici\/","title":{"rendered":"Rolo komarnici"},"content":{"rendered":"","protected":false},"excerpt":{"rendered":"<p class=\"\" data-start=\"0\" data-end=\"63\"><strong data-start=\"0\" data-end=\"17\">Rolo komarnik<\/strong> \u2013 savr\u0161eno rje\u0161enje za prozore i vrata! \ud83c\udfe1\u2728<\/p>\n<p class=\"\" data-start=\"65\" data-end=\"304\">\ud83d\udd39 Pri podizanju, mre\u017eica se diskretno namotava u kutiju smje\u0161tenu na okviru.<br data-start=\"142\" data-end=\"145\" \/>\ud83d\udd39 <strong data-start=\"148\" data-end=\"192\">Izdr\u017eljive aluminijske vodilice i kutija<\/strong>, s mogu\u0107no\u0161\u0107u bojanja. \ud83c\udfa8<br data-start=\"218\" data-end=\"221\" data-is-only-node=\"\" \/>\ud83d\udd39 <strong data-start=\"224\" data-end=\"256\">Mre\u017eica od staklenih vlakana<\/strong> \u2013 stabilna i otporna na vremenske uvjete. \ud83c\udf26\ufe0f<\/p>\n<p class=\"\" data-start=\"306\" data-end=\"396\">\ud83d\udccf <strong data-start=\"309\" data-end=\"344\">Profesionalna izmjera i monta\u017ea<\/strong> osigurani.<br data-start=\"355\" data-end=\"358\" \/>\ud83d\udd27 <strong data-start=\"361\" data-end=\"383\" data-is-only-node=\"\">Garancija i servis<\/strong> uklju\u010deni.<\/p>\n","protected":false},"featured_media":1395,"comment_status":"closed","ping_status":"closed","template":"","meta":{"_acf_changed":false},"product_brand":[],"product_cat":[46],"product_tag":[],"class_list":{"0":"post-1118","1":"product","2":"type-product","3":"status-publish","4":"has-post-thumbnail","6":"product_cat-komarnici","8":"first","9":"instock","10":"shipping-taxable","11":"product-type-simple"},"acf":[],"_links":{"self":[{"href":"https:\/\/www.dundo-interijeri.hr\/de\/wp-json\/wp\/v2\/product\/1118","targetHints":{"allow":["GET"]}}],"collection":[{"href":"https:\/\/www.dundo-interijeri.hr\/de\/wp-json\/wp\/v2\/product"}],"about":[{"href":"https:\/\/www.dundo-interijeri.hr\/de\/wp-json\/wp\/v2\/types\/product"}],"replies":[{"embeddable":true,"href":"https:\/\/www.dundo-interijeri.hr\/de\/wp-json\/wp\/v2\/comments?post=1118"}],"wp:featuredmedia":[{"embeddable":true,"href":"https:\/\/www.dundo-interijeri.hr\/de\/wp-json\/wp\/v2\/media\/1395"}],"wp:attachment":[{"href":"https:\/\/www.dundo-interijeri.hr\/de\/wp-json\/wp\/v2\/media?parent=1118"}],"wp:term":[{"taxonomy":"product_brand","embeddable":true,"href":"https:\/\/www.dundo-interijeri.hr\/de\/wp-json\/wp\/v2\/product_brand?post=1118"},{"taxonomy":"product_cat","embeddable":true,"href":"https:\/\/www.dundo-interijeri.hr\/de\/wp-json\/wp\/v2\/product_cat?post=1118"},{"taxonomy":"product_tag","embeddable":true,"href":"https:\/\/www.dundo-interijeri.hr\/de\/wp-json\/wp\/v2\/product_tag?post=1118"}],"curies":[{"name":"wp","href":"https:\/\/api.w.org\/{rel}","templated":true}]}}