{"id":489,"date":"2024-10-18T15:11:23","date_gmt":"2024-10-18T13:11:23","guid":{"rendered":"http:\/\/www.dundo-interijeri.hr\/kontakt\/"},"modified":"2025-04-07T20:39:48","modified_gmt":"2025-04-07T18:39:48","slug":"contact","status":"publish","type":"page","link":"http:\/\/www.dundo-interijeri.hr\/en\/contact\/","title":{"rendered":"Contact"},"content":{"rendered":"<h3>Dundo interijeri d.o.o.<\/h3>\n<p>Gosposvetska 30, Zagreb 10000<br \/>\nTelefon: <a href=\"tel:+38513878957\">01\/ 38 78 957<\/a><br \/>\nFax: 01\/ 38 78 958<br \/>\nMobitel: <a href=\"tel:+385915155515\">091\/ 51 55 515<\/a><br \/>\nE-mail: <a href=\"mailto:info@dundo-interijeri.hr\">info@dundo-interijeri.hr<\/a><\/p>\n<p><strong>OIB:<\/strong> 58895259138<br \/>\n<strong>Sjedi\u0161te:<\/strong> Gosposvetska 30, Zagreb 10 000<br \/>\n<strong>Sud:<\/strong> Trgova\u010dki sud u Zagrebu<br \/>\n<strong>MBS:<\/strong> 080348434<br \/>\n<strong>Ra\u010dun:<\/strong> Raiffeisenbank Austria d.d.<br \/>\nPetrinjska 59, Zagreb 10 000<br \/>\n<strong>IBAN:<\/strong> HR4624840081100733696<br \/>\n<strong>Temeljni kapital:<\/strong> 23.100,00 KN upla\u0107en u cijelosti<br \/>\n<strong>Osniva\u010d:<\/strong> Dubravko Horvat<br \/>\n<strong>Direktor:<\/strong> Dubravko Horvat<\/p>\n","protected":false},"excerpt":{"rendered":"<p>Dundo interijeri d.o.o. Gosposvetska 30, Zagreb 10000 Telefon: 01\/ 38 78 957 Fax: 01\/ 38 78 958 Mobitel: 091\/ 51 55 515 E-mail: info@dundo-interijeri.hr OIB: 58895259138 Sjedi\u0161te: Gosposvetska 30, Zagreb 10 000 Sud: Trgova\u010dki sud u Zagrebu MBS: 080348434 Ra\u010dun: Raiffeisenbank Austria d.d. Petrinjska 59, Zagreb 10 000 IBAN: HR4624840081100733696 Temeljni kapital: 23.100,00 KN upla\u0107en [&hellip;]<\/p>\n","protected":false},"author":1,"featured_media":0,"parent":0,"menu_order":0,"comment_status":"closed","ping_status":"closed","template":"template-kontakt.php","meta":{"_acf_changed":false,"footnotes":""},"class_list":["post-489","page","type-page","status-publish","hentry"],"acf":[],"_links":{"self":[{"href":"http:\/\/www.dundo-interijeri.hr\/en\/wp-json\/wp\/v2\/pages\/489","targetHints":{"allow":["GET"]}}],"collection":[{"href":"http:\/\/www.dundo-interijeri.hr\/en\/wp-json\/wp\/v2\/pages"}],"about":[{"href":"http:\/\/www.dundo-interijeri.hr\/en\/wp-json\/wp\/v2\/types\/page"}],"author":[{"embeddable":true,"href":"http:\/\/www.dundo-interijeri.hr\/en\/wp-json\/wp\/v2\/users\/1"}],"replies":[{"embeddable":true,"href":"http:\/\/www.dundo-interijeri.hr\/en\/wp-json\/wp\/v2\/comments?post=489"}],"version-history":[{"count":3,"href":"http:\/\/www.dundo-interijeri.hr\/en\/wp-json\/wp\/v2\/pages\/489\/revisions"}],"predecessor-version":[{"id":1549,"href":"http:\/\/www.dundo-interijeri.hr\/en\/wp-json\/wp\/v2\/pages\/489\/revisions\/1549"}],"wp:attachment":[{"href":"http:\/\/www.dundo-interijeri.hr\/en\/wp-json\/wp\/v2\/media?parent=489"}],"curies":[{"name":"wp","href":"https:\/\/api.w.org\/{rel}","templated":true}]}}