{"id":608,"date":"2025-03-18T18:05:43","date_gmt":"2025-03-18T17:05:43","guid":{"rendered":"http:\/\/www.dundo-interijeri.hr\/?post_type=product&#038;p=608"},"modified":"2026-02-06T11:06:14","modified_gmt":"2026-02-06T10:06:14","slug":"balkonska-rolo-sjenila","status":"publish","type":"product","link":"http:\/\/www.dundo-interijeri.hr\/proizvod\/balkonska-rolo-sjenila\/","title":{"rendered":"Balkonska rolo sjenila"},"content":{"rendered":"","protected":false},"excerpt":{"rendered":"<p>Balkonska rolo sjenila idealna su zamjena za balkonske tende zahvaljuju\u0107i svojoj pristupa\u010dnoj cijeni i jednostavnom kori\u0161tenju.<\/p>\n<p>\u2714 <strong>Za\u0161tita od sunca, ki\u0161e i pogleda<\/strong> \u2013 Osiguravaju privatnost i ugodnu atmosferu na va\u0161em balkonu.<br \/>\n\u2714 <strong>Podesiva visina<\/strong> \u2013 Lako ih prilagodite svojim potrebama \u2013 podignite ih potpuno ili ih spustite na \u017eeljenu razinu.<br \/>\n\u2714 <strong>Transparentno platno<\/strong> \u2013 Omogu\u0107uje pogled prema van, dok sprje\u010dava ne\u017eeljene poglede izvana.<\/p>\n<p>Ve\u0107 smo opremili brojne stambene zgrade ovom vrstom sjenila!<\/p>\n<p>\ud83d\udccf <strong>Besplatna izmjera i monta\u017ea<\/strong><br \/>\n\ud83d\udee0 <strong>Garancija i servis osigurani<\/strong><\/p>\n<p>Kontaktirajte nas i osigurajte svoju idealnu za\u0161titu od sunca!<\/p>\n","protected":false},"featured_media":1654,"comment_status":"closed","ping_status":"closed","template":"","meta":{"_acf_changed":false},"product_brand":[],"product_cat":[50],"product_tag":[],"class_list":{"0":"post-608","1":"product","2":"type-product","3":"status-publish","4":"has-post-thumbnail","6":"product_cat-balkonska-rolo-sjenila","8":"first","9":"instock","10":"shipping-taxable","11":"product-type-simple"},"acf":[],"_links":{"self":[{"href":"http:\/\/www.dundo-interijeri.hr\/de\/wp-json\/wp\/v2\/product\/608","targetHints":{"allow":["GET"]}}],"collection":[{"href":"http:\/\/www.dundo-interijeri.hr\/de\/wp-json\/wp\/v2\/product"}],"about":[{"href":"http:\/\/www.dundo-interijeri.hr\/de\/wp-json\/wp\/v2\/types\/product"}],"replies":[{"embeddable":true,"href":"http:\/\/www.dundo-interijeri.hr\/de\/wp-json\/wp\/v2\/comments?post=608"}],"wp:featuredmedia":[{"embeddable":true,"href":"http:\/\/www.dundo-interijeri.hr\/de\/wp-json\/wp\/v2\/media\/1654"}],"wp:attachment":[{"href":"http:\/\/www.dundo-interijeri.hr\/de\/wp-json\/wp\/v2\/media?parent=608"}],"wp:term":[{"taxonomy":"product_brand","embeddable":true,"href":"http:\/\/www.dundo-interijeri.hr\/de\/wp-json\/wp\/v2\/product_brand?post=608"},{"taxonomy":"product_cat","embeddable":true,"href":"http:\/\/www.dundo-interijeri.hr\/de\/wp-json\/wp\/v2\/product_cat?post=608"},{"taxonomy":"product_tag","embeddable":true,"href":"http:\/\/www.dundo-interijeri.hr\/de\/wp-json\/wp\/v2\/product_tag?post=608"}],"curies":[{"name":"wp","href":"https:\/\/api.w.org\/{rel}","templated":true}]}}