{"id":2061,"date":"2025-03-31T16:33:42","date_gmt":"2025-03-31T14:33:42","guid":{"rendered":"https:\/\/www.dundo-interijeri.hr\/proizvod\/pavillons-fuer-straende-und-pools\/"},"modified":"2026-04-22T13:17:16","modified_gmt":"2026-04-22T11:17:16","slug":"pavillons-fuer-straende-und-pools","status":"publish","type":"product","link":"http:\/\/www.dundo-interijeri.hr\/de\/proizvod\/pavillons-fuer-straende-und-pools\/","title":{"rendered":"Pavillons f\u00fcr Str\u00e4nde und Pools"},"content":{"rendered":"","protected":false},"excerpt":{"rendered":"<p><strong>Genie\u00dfen Sie vollkommene Entspannung mit eleganten und funktionellen Pavillons<\/strong>, die sich ideal f\u00fcr Str\u00e4nde, Hotelanlagen, Pools und Loungebereiche eignen. Sie bieten Schutz vor Sonne und Wind und schaffen die perfekte Entspannungsumgebung f\u00fcr G\u00e4ste, die Privatsph\u00e4re und eine luxuri\u00f6se Atmosph\u00e4re suchen.<\/p>\n<p>\u2705 <strong>Warum sollten Sie sich f\u00fcr unsere Pavillons entscheiden?<\/strong><br \/>\n\ud83d\udd39 <strong>Hochwertige Materialien<\/strong> &#8211; resistent gegen Sonne, Feuchtigkeit und Witterungseinfl\u00fcsse<br \/>\n\ud83d\udd39 <strong>Moderne und robuste Konstruktion<\/strong> &#8211; anpassbare Abmessungen und Design<br \/>\n\ud83d\udd39 <strong>Effektiver Schutz<\/strong> &#8211; bieten Schatten und Privatsph\u00e4re mit luftigen Vorh\u00e4ngen oder Stoffen<br \/>\n\ud83d\udd39 <strong>Luxuri\u00f6ser Look<\/strong> &#8211; perfekt geeignet f\u00fcr exklusive Au\u00dfenbereiche<\/p>\n<p>\ud83c\udfaf <strong>Ideal f\u00fcr:<\/strong><br \/>\n\ud83c\udfd6\ufe0f Str\u00e4nde und Lounge-Zonen<br \/>\n\ud83c\udfe8 Hotelpools und private Villen<br \/>\n\ud83c\udf79 Bars und exklusive Resorts<\/p>\n<p><strong>\ud83d\udce9<\/strong> <strong>Kontaktieren Sie uns und schaffen Sie einen luxuri\u00f6sen Raum der Entspannung!<\/strong><\/p>\n","protected":false},"featured_media":2062,"comment_status":"closed","ping_status":"closed","template":"","meta":{"_acf_changed":false},"product_brand":[],"product_cat":[337],"product_tag":[],"class_list":{"0":"post-2061","1":"product","2":"type-product","3":"status-publish","4":"has-post-thumbnail","6":"product_cat-sjenice-za-plaze-i-bazene-de","8":"first","9":"instock","10":"shipping-taxable","11":"product-type-simple"},"acf":[],"_links":{"self":[{"href":"http:\/\/www.dundo-interijeri.hr\/de\/wp-json\/wp\/v2\/product\/2061","targetHints":{"allow":["GET"]}}],"collection":[{"href":"http:\/\/www.dundo-interijeri.hr\/de\/wp-json\/wp\/v2\/product"}],"about":[{"href":"http:\/\/www.dundo-interijeri.hr\/de\/wp-json\/wp\/v2\/types\/product"}],"replies":[{"embeddable":true,"href":"http:\/\/www.dundo-interijeri.hr\/de\/wp-json\/wp\/v2\/comments?post=2061"}],"wp:featuredmedia":[{"embeddable":true,"href":"http:\/\/www.dundo-interijeri.hr\/de\/wp-json\/wp\/v2\/media\/2062"}],"wp:attachment":[{"href":"http:\/\/www.dundo-interijeri.hr\/de\/wp-json\/wp\/v2\/media?parent=2061"}],"wp:term":[{"taxonomy":"product_brand","embeddable":true,"href":"http:\/\/www.dundo-interijeri.hr\/de\/wp-json\/wp\/v2\/product_brand?post=2061"},{"taxonomy":"product_cat","embeddable":true,"href":"http:\/\/www.dundo-interijeri.hr\/de\/wp-json\/wp\/v2\/product_cat?post=2061"},{"taxonomy":"product_tag","embeddable":true,"href":"http:\/\/www.dundo-interijeri.hr\/de\/wp-json\/wp\/v2\/product_tag?post=2061"}],"curies":[{"name":"wp","href":"https:\/\/api.w.org\/{rel}","templated":true}]}}