{"id":2014,"date":"2026-01-29T13:00:51","date_gmt":"2026-01-29T12:00:51","guid":{"rendered":"https:\/\/www.dundo-interijeri.hr\/?post_type=product&#038;p=2014"},"modified":"2026-04-06T17:56:48","modified_gmt":"2026-04-06T15:56:48","slug":"aluminum-blinds-venetian-blinds","status":"publish","type":"product","link":"http:\/\/www.dundo-interijeri.hr\/de\/proizvod\/aluminum-blinds-venetian-blinds\/","title":{"rendered":"Aluminiumjalousien (Venetian Blinds)"},"content":{"rendered":"","protected":false},"excerpt":{"rendered":"<div class=\"flex max-w-full flex-col grow\">\n<div class=\"min-h-8 text-message relative flex w-full flex-col items-end gap-2 text-start break-words whitespace-normal [.text-message+&amp;]:mt-1\" dir=\"auto\" data-message-author-role=\"assistant\" data-message-id=\"16a59def-6c50-40a4-8334-4a0aaed20170\" data-message-model-slug=\"gpt-5-2\">\n<div class=\"flex w-full flex-col gap-1 empty:hidden first:pt-[1px]\">\n<div class=\"markdown prose dark:prose-invert w-full wrap-break-word light markdown-new-styling\">\n<p data-start=\"0\" data-end=\"280\"><strong data-start=\"0\" data-end=\"40\">Aluminiumjalousien (Venetian Blinds)<\/strong> geh\u00f6ren zu den beliebtesten Beschattungsl\u00f6sungen und sind ideal f\u00fcr Wohnungen \ud83c\udfe1, B\u00fcros \ud83c\udfe2 und andere R\u00e4ume. Sie bieten Schutz vor Sonne \ud83c\udf1e und unerw\u00fcnschten Blicken \ud83d\udc40 und erm\u00f6glichen gleichzeitig eine einfache Lichtregulierung im Raum.<\/p>\n<p data-start=\"287\" data-end=\"651\">\u2728 <strong data-start=\"289\" data-end=\"324\">Vorteile von Aluminiumjalousien<\/strong><br data-start=\"324\" data-end=\"327\" \/>\u2705 Volle Lichtkontrolle \u2013 passen Sie den Raum von hell \u2600\ufe0f bis komplett dunkel \ud83c\udf11 an<br data-start=\"409\" data-end=\"412\" \/>\u2705 Langlebigkeit &amp; Widerstandsf\u00e4higkeit \u2013 Aluminiumschienen sind best\u00e4ndig gegen Sonneneinstrahlung und Temperaturschwankungen \ud83c\udfd7\ufe0f<br data-start=\"541\" data-end=\"544\" \/>\u2705 Verschiedene Ausf\u00fchrungen \u2013 geeignet f\u00fcr jede Fensterart<br data-start=\"602\" data-end=\"605\" \/>\u2705 Lamellenbreiten verf\u00fcgbar: 25 mm und 50 mm<\/p>\n<p data-start=\"658\" data-end=\"931\">\ud83d\udd39 <strong data-start=\"661\" data-end=\"693\">Arten von Aluminiumjalousien<\/strong><br data-start=\"693\" data-end=\"696\" \/>\ud83d\udd38 Klassische Jalousien \u2013 direkt am Fenster montiert \ud83e\ude9f<br data-start=\"751\" data-end=\"754\" \/>\ud83d\udd38 Zwischen-Glas-Jalousien \u2013 zwischen den Scheiben eingebaut \ud83d\udd32<br data-start=\"817\" data-end=\"820\" \/>\ud83d\udd38 Dachfenster-Jalousien \u2013 f\u00fcr Dachfenster \ud83c\udfe0<br data-start=\"865\" data-end=\"868\" \/>\ud83d\udd38 Schr\u00e4gjalousien \u2013 f\u00fcr Fenster mit ungew\u00f6hnlichen Formen \ud83d\udcd0<\/p>\n<p data-start=\"933\" data-end=\"1003\">Sie k\u00f6nnen auf Metall-, Holz- und PVC-Fensterrahmen montiert werden.<\/p>\n<p data-start=\"1010\" data-end=\"1258\">\ud83d\udccf <strong data-start=\"1013\" data-end=\"1058\">Lamellenbreite \u2013 was ist der Unterschied?<\/strong><br data-start=\"1058\" data-end=\"1061\" \/>\u2714 25 mm Lamellen \u2013 ideal f\u00fcr kleinere Fenster, elegantes Erscheinungsbild, pr\u00e4zisere Lichtsteuerung<br data-start=\"1160\" data-end=\"1163\" \/>\u2714 50 mm Lamellen \u2013 besser f\u00fcr gr\u00f6\u00dfere Fenster, bessere Luftzirkulation und mehr Licht im Raum<\/p>\n<p data-start=\"1260\" data-end=\"1317\"><strong data-start=\"1260\" data-end=\"1286\">Muster 25 mm Lamellen:<\/strong><img loading=\"lazy\" decoding=\"async\" class=\"aligncenter size-full wp-image-1803\" src=\"http:\/\/www.dundo-interijeri.hr\/wp-content\/uploads\/2026\/01\/Uzorci-venecijaneri-25-mm.jpg\" alt=\"\" width=\"640\" height=\"480\" srcset=\"http:\/\/www.dundo-interijeri.hr\/wp-content\/uploads\/2026\/01\/Uzorci-venecijaneri-25-mm.jpg 640w, http:\/\/www.dundo-interijeri.hr\/wp-content\/uploads\/2026\/01\/Uzorci-venecijaneri-25-mm-400x300.jpg 400w, http:\/\/www.dundo-interijeri.hr\/wp-content\/uploads\/2026\/01\/Uzorci-venecijaneri-25-mm-600x450.jpg 600w\" sizes=\"auto, (max-width: 640px) 100vw, 640px\" \/><\/p>\n<p><strong data-start=\"1289\" data-end=\"1315\">Muster 50 mm Lamellen:<\/strong><\/p>\n<p><img loading=\"lazy\" decoding=\"async\" class=\"aligncenter size-full wp-image-1805\" src=\"http:\/\/www.dundo-interijeri.hr\/wp-content\/uploads\/2026\/01\/Uzorci-venecijanera-50-mm-rotated-e1742404561506.jpg\" alt=\"\" width=\"480\" height=\"398\" srcset=\"http:\/\/www.dundo-interijeri.hr\/wp-content\/uploads\/2026\/01\/Uzorci-venecijanera-50-mm-rotated-e1742404561506.jpg 480w, http:\/\/www.dundo-interijeri.hr\/wp-content\/uploads\/2026\/01\/Uzorci-venecijanera-50-mm-rotated-e1742404561506-400x332.jpg 400w\" sizes=\"auto, (max-width: 480px) 100vw, 480px\" \/><\/p>\n<p data-start=\"1324\" data-end=\"1487\">\ud83c\udfa8 <strong data-start=\"1327\" data-end=\"1365\">Gro\u00dfe Farbauswahl &amp; Ma\u00dfanfertigung<\/strong><br data-start=\"1365\" data-end=\"1368\" \/>Wir fertigen Ihre Jalousien schnell \u23f3 und passgenau nach Ihren Fensterma\u00dfen \u2013 mit einer breiten Auswahl an Farben.<\/p>\n<p data-start=\"1494\" data-end=\"1582\">\ud83d\udccf <strong data-start=\"1497\" data-end=\"1544\">Kostenloses Aufma\u00df &amp; professionelle Montage<\/strong><br data-start=\"1544\" data-end=\"1547\" \/>\ud83d\udd27 Service und Garantie inklusive<\/p>\n<p data-start=\"1589\" data-end=\"1677\" data-is-last-node=\"\" data-is-only-node=\"\">\ud83d\udcde <strong data-start=\"1592\" data-end=\"1677\" data-is-last-node=\"\">Kontaktieren Sie uns und finden Sie die ideale Beschattungsl\u00f6sung f\u00fcr Ihren Raum!<\/strong><\/p>\n<\/div>\n<\/div>\n<\/div>\n<\/div>\n<div class=\"z-0 flex min-h-[46px] justify-start\"><\/div>\n<div class=\"border-token-border-light my-2 flex gap-10 border-t pt-4\">\n<div class=\"flex items-center justify-center overflow-hidden h-12 w-12 rounded-lg\"><\/div>\n<\/div>\n","protected":false},"featured_media":2050,"comment_status":"closed","ping_status":"closed","template":"","meta":{"_acf_changed":false},"product_brand":[],"product_cat":[329],"product_tag":[],"class_list":{"0":"post-2014","1":"product","2":"type-product","3":"status-publish","4":"has-post-thumbnail","6":"product_cat-aluminiumjalousien-de","8":"first","9":"instock","10":"shipping-taxable","11":"product-type-simple"},"acf":[],"_links":{"self":[{"href":"http:\/\/www.dundo-interijeri.hr\/de\/wp-json\/wp\/v2\/product\/2014","targetHints":{"allow":["GET"]}}],"collection":[{"href":"http:\/\/www.dundo-interijeri.hr\/de\/wp-json\/wp\/v2\/product"}],"about":[{"href":"http:\/\/www.dundo-interijeri.hr\/de\/wp-json\/wp\/v2\/types\/product"}],"replies":[{"embeddable":true,"href":"http:\/\/www.dundo-interijeri.hr\/de\/wp-json\/wp\/v2\/comments?post=2014"}],"wp:featuredmedia":[{"embeddable":true,"href":"http:\/\/www.dundo-interijeri.hr\/de\/wp-json\/wp\/v2\/media\/2050"}],"wp:attachment":[{"href":"http:\/\/www.dundo-interijeri.hr\/de\/wp-json\/wp\/v2\/media?parent=2014"}],"wp:term":[{"taxonomy":"product_brand","embeddable":true,"href":"http:\/\/www.dundo-interijeri.hr\/de\/wp-json\/wp\/v2\/product_brand?post=2014"},{"taxonomy":"product_cat","embeddable":true,"href":"http:\/\/www.dundo-interijeri.hr\/de\/wp-json\/wp\/v2\/product_cat?post=2014"},{"taxonomy":"product_tag","embeddable":true,"href":"http:\/\/www.dundo-interijeri.hr\/de\/wp-json\/wp\/v2\/product_tag?post=2014"}],"curies":[{"name":"wp","href":"https:\/\/api.w.org\/{rel}","templated":true}]}}