{"id":2003,"date":"2025-03-21T20:39:19","date_gmt":"2025-03-21T19:39:19","guid":{"rendered":"https:\/\/www.dundo-interijeri.hr\/proizvod\/aluminium-gardinenstangen\/"},"modified":"2026-03-16T08:52:30","modified_gmt":"2026-03-16T07:52:30","slug":"aluminium-gardinenstangen","status":"publish","type":"product","link":"http:\/\/www.dundo-interijeri.hr\/de\/proizvod\/aluminium-gardinenstangen\/","title":{"rendered":"Aluminium Gardinenstangen"},"content":{"rendered":"","protected":false},"excerpt":{"rendered":"<h3 data-start=\"0\" data-end=\"257\"><strong data-start=\"0\" data-end=\"60\">Vorhangstangen sind ein wichtiges Element der Inneneinrichtung<\/strong>, und ihr Stil sollte zu Ihren M\u00f6beln und dem gesamten Raum passen. Sie dienen nicht nur als Halterung f\u00fcr die Vorh\u00e4nge, sondern verbessern auch die \u00c4sthetik des Raumes und machen ihn eleganter und anspruchsvoller. \u2728\ud83c\udfe1<\/h3>\n<p class=\"\" data-start=\"259\" data-end=\"721\">&#8211; <strong data-start=\"261\" data-end=\"300\">Gro\u00dfe Auswahl an Modellen und Farben<\/strong> &#8211; von klassischen bis hin zu modernen Designs, so dass Sie leicht die perfekte Erg\u00e4nzung f\u00fcr Ihr Interieur finden \ud83c\udfa8<br data-start=\"396\" data-end=\"399\" \/>&#8211; <strong data-start=\"401\" data-end=\"426\" data-is-only-node=\"\">Ma\u00dfgeschneiderte L\u00f6sungen<\/strong> &#8211; Stangen, die auf Ihren Raum und Ihre Bed\u00fcrfnisse zugeschnitten sind, unabh\u00e4ngig von der Art des Vorhangs \ud83d\udccf<br data-start=\"497\" data-end=\"500\" \/>&#8211; <strong data-start=\"502\" data-end=\"528\">Hochwertige Materialien<\/strong> &#8211; erh\u00e4ltlich in Aluminium, Holz und Edelstahl f\u00fcr Langlebigkeit und Widerstandsf\u00e4higkeit <br data-start=\"614\" data-end=\"617\" \/>&#8211; <strong data-start=\"619\" data-end=\"645\">Installation m\u00f6glich<\/strong> &#8211; unser Expertenteam sorgt f\u00fcr eine pr\u00e4zise Anpassung und optimale Funktionalit\u00e4t \ud83d\udee0\ufe0f\u2714\ufe0f<\/p>\n<p class=\"\" data-start=\"723\" data-end=\"918\"><strong data-start=\"723\" data-end=\"759\">Verf\u00fcgbare Arten von Vorhangstangen:<\/strong><br data-start=\"759\" data-end=\"762\" \/>&#8211; Wand- und Deckenmontierte Stangen<br data-start=\"801\" data-end=\"804\" \/>&#8211; Dekorative und minimalistische Stile<br data-start=\"838\" data-end=\"841\" \/>&#8211; Ein- oder zweigleisige Systeme<br data-start=\"873\" data-end=\"876\" \/>&#8211; Manuelle oder motorisierte Vorhangmechanismen<\/p>\n<p class=\"\" data-start=\"920\" data-end=\"961\">\ud83d\udce9 <strong data-start=\"923\" data-end=\"961\" data-is-last-node=\"\">Kontaktieren Sie uns f\u00fcr eine Beratung und ein Angebot!<\/strong><\/p>\n","protected":false},"featured_media":2004,"comment_status":"closed","ping_status":"closed","template":"","meta":{"_acf_changed":false},"product_brand":[],"product_cat":[315],"product_tag":[],"class_list":{"0":"post-2003","1":"product","2":"type-product","3":"status-publish","4":"has-post-thumbnail","6":"product_cat-aluminium-gardinenschienen-fur-alle-arten-von-vorhangen","8":"first","9":"instock","10":"shipping-taxable","11":"product-type-simple"},"acf":[],"_links":{"self":[{"href":"http:\/\/www.dundo-interijeri.hr\/de\/wp-json\/wp\/v2\/product\/2003","targetHints":{"allow":["GET"]}}],"collection":[{"href":"http:\/\/www.dundo-interijeri.hr\/de\/wp-json\/wp\/v2\/product"}],"about":[{"href":"http:\/\/www.dundo-interijeri.hr\/de\/wp-json\/wp\/v2\/types\/product"}],"replies":[{"embeddable":true,"href":"http:\/\/www.dundo-interijeri.hr\/de\/wp-json\/wp\/v2\/comments?post=2003"}],"wp:featuredmedia":[{"embeddable":true,"href":"http:\/\/www.dundo-interijeri.hr\/de\/wp-json\/wp\/v2\/media\/2004"}],"wp:attachment":[{"href":"http:\/\/www.dundo-interijeri.hr\/de\/wp-json\/wp\/v2\/media?parent=2003"}],"wp:term":[{"taxonomy":"product_brand","embeddable":true,"href":"http:\/\/www.dundo-interijeri.hr\/de\/wp-json\/wp\/v2\/product_brand?post=2003"},{"taxonomy":"product_cat","embeddable":true,"href":"http:\/\/www.dundo-interijeri.hr\/de\/wp-json\/wp\/v2\/product_cat?post=2003"},{"taxonomy":"product_tag","embeddable":true,"href":"http:\/\/www.dundo-interijeri.hr\/de\/wp-json\/wp\/v2\/product_tag?post=2003"}],"curies":[{"name":"wp","href":"https:\/\/api.w.org\/{rel}","templated":true}]}}