{"id":194,"date":"2025-02-22T12:03:26","date_gmt":"2025-02-22T11:03:26","guid":{"rendered":"http:\/\/www.dundo-interijeri.hr\/?post_type=product&#038;p=194"},"modified":"2026-03-16T13:46:08","modified_gmt":"2026-03-16T12:46:08","slug":"zaluzine-drvene","status":"publish","type":"product","link":"http:\/\/www.dundo-interijeri.hr\/proizvod\/drvene-zaluzine\/","title":{"rendered":"\u017daluzine drvene"},"content":{"rendered":"","protected":false},"excerpt":{"rendered":"<h3 class=\"_ap3a _aaco _aacu _aacx _aad7 _aade\" dir=\"auto\">\ud83c\udf3f Drvene \u017ealuzine \u2013 spoj prirode i elegancije! \ud83c\udf3f<\/h3>\n<p>Na\u0161e drvene \u017ealuzine dostupne su u \u0161irinama lamela 25 mm i 50 mm, savr\u0161eno prilagodljive svakom prostoru!<\/p>\n<p>\u2705 Za\u0161to odabrati drvene \u017ealuzine?<br \/>\n\ud83d\udd39 Napravljene od najfinijeg drveta otpornog na toplinu, vlagu i propadanje<br \/>\n\ud83d\udd39 Ekolo\u0161ki prihvatljive i izdr\u017eljive<br \/>\n\ud83d\udd39 Dodaju bezvremenski stil i eleganciju Va\u0161em domu ili poslovnom prostoru<\/p>\n<p>\u2728 Personalizacija prema Va\u0161em ukusu!<br \/>\n\ud83c\udfa8 \u0160irok izbor boja drvenih lamela i platnenih traka<br \/>\n\ud83d\udcd0 Maksimalna \u0161irina u jednom komadu do 240 cm<\/p>\n<p data-start=\"95\" data-end=\"242\">Kod na\u0161ih drvenih \u017ealuzina imate mogu\u0107nost izbora <strong data-start=\"181\" data-end=\"198\">dr\u017ea\u010da lamela<\/strong> prema vlastitim \u017eeljama i stilu interijera:<\/p>\n<p data-start=\"244\" data-end=\"415\">\ud83d\udd38 <strong data-start=\"247\" data-end=\"258\">Trakice<\/strong> \u2013 klasi\u010dan i elegantan izgled koji nagla\u0161ava prirodnu ljepotu drveta<br data-start=\"327\" data-end=\"330\" \/>\ud83d\udd38 <strong data-start=\"333\" data-end=\"346\">Ljestvice<\/strong> \u2013 modernija i diskretnija opcija za ujedna\u010den i minimalisti\u010dki dojam<\/p>\n<p>\ud83c\udfaf Idealne za svaki interijer koji tra\u017ei savr\u0161en spoj prirodnih materijala i funkcionalnosti.<\/p>\n<p>\ud83d\udccf Izlazimo na izmjeru i osiguravamo monta\u017eu!<br \/>\nKontaktirajte nas i unesite da\u0161ak prirode u svoj prostor. \ud83c\udf33<\/p>\n<p>Uzorci:<\/p>\n<p><img loading=\"lazy\" decoding=\"async\" class=\"aligncenter wp-image-758 size-full\" src=\"http:\/\/www.dundo-interijeri.hr\/wp-content\/uploads\/2025\/02\/Uzorci-drvenih-zaluzina-50-mm-rotated-e1742403496237.jpg\" alt=\"\" width=\"640\" height=\"480\" srcset=\"http:\/\/www.dundo-interijeri.hr\/wp-content\/uploads\/2025\/02\/Uzorci-drvenih-zaluzina-50-mm-rotated-e1742403496237.jpg 640w, http:\/\/www.dundo-interijeri.hr\/wp-content\/uploads\/2025\/02\/Uzorci-drvenih-zaluzina-50-mm-rotated-e1742403496237-400x300.jpg 400w, http:\/\/www.dundo-interijeri.hr\/wp-content\/uploads\/2025\/02\/Uzorci-drvenih-zaluzina-50-mm-rotated-e1742403496237-600x450.jpg 600w\" sizes=\"auto, (max-width: 640px) 100vw, 640px\" \/><\/p>\n","protected":false},"featured_media":1885,"comment_status":"closed","ping_status":"closed","template":"","meta":{"_acf_changed":false},"product_brand":[],"product_cat":[278,291,292,16],"product_tag":[],"class_list":{"0":"post-194","1":"product","2":"type-product","3":"status-publish","4":"has-post-thumbnail","6":"product_cat-zaluzine-drvene-venecijaneri","7":"product_cat-svijetlost-i-odbljesak","8":"product_cat-privatnost","9":"product_cat-unutarnja-sjenila","11":"first","12":"instock","13":"shipping-taxable","14":"purchasable","15":"product-type-simple"},"acf":[],"_links":{"self":[{"href":"http:\/\/www.dundo-interijeri.hr\/de\/wp-json\/wp\/v2\/product\/194","targetHints":{"allow":["GET"]}}],"collection":[{"href":"http:\/\/www.dundo-interijeri.hr\/de\/wp-json\/wp\/v2\/product"}],"about":[{"href":"http:\/\/www.dundo-interijeri.hr\/de\/wp-json\/wp\/v2\/types\/product"}],"replies":[{"embeddable":true,"href":"http:\/\/www.dundo-interijeri.hr\/de\/wp-json\/wp\/v2\/comments?post=194"}],"wp:featuredmedia":[{"embeddable":true,"href":"http:\/\/www.dundo-interijeri.hr\/de\/wp-json\/wp\/v2\/media\/1885"}],"wp:attachment":[{"href":"http:\/\/www.dundo-interijeri.hr\/de\/wp-json\/wp\/v2\/media?parent=194"}],"wp:term":[{"taxonomy":"product_brand","embeddable":true,"href":"http:\/\/www.dundo-interijeri.hr\/de\/wp-json\/wp\/v2\/product_brand?post=194"},{"taxonomy":"product_cat","embeddable":true,"href":"http:\/\/www.dundo-interijeri.hr\/de\/wp-json\/wp\/v2\/product_cat?post=194"},{"taxonomy":"product_tag","embeddable":true,"href":"http:\/\/www.dundo-interijeri.hr\/de\/wp-json\/wp\/v2\/product_tag?post=194"}],"curies":[{"name":"wp","href":"https:\/\/api.w.org\/{rel}","templated":true}]}}