{"id":1640,"date":"2025-07-28T11:13:22","date_gmt":"2025-07-28T09:13:22","guid":{"rendered":"https:\/\/www.dundo-interijeri.hr\/?post_type=product&#038;p=1640"},"modified":"2026-02-24T10:30:39","modified_gmt":"2026-02-24T09:30:39","slug":"dekor-zavjese","status":"publish","type":"product","link":"http:\/\/www.dundo-interijeri.hr\/proizvod\/dekor-zavjese\/","title":{"rendered":"Dekor zavjese"},"content":{"rendered":"","protected":false},"excerpt":{"rendered":"<h3 data-start=\"104\" data-end=\"124\">\ud83c\udfa8 Dekor zavjese<\/h3>\n<p data-start=\"126\" data-end=\"201\">Dekor zavjese nisu samo estetski dodatak, one stvaraju atmosferu prostora.<\/p>\n<p data-start=\"203\" data-end=\"527\">U ponudi imamo \u0161irok izbor <strong data-start=\"230\" data-end=\"266\">kvalitetnih dekorativnih tkanina<\/strong> koje podi\u017eu izgled svakog interijera\u00a0 od modernih ureda i hotela, do ugodnih dnevnih boravaka i privatnih prostora. Posebno isti\u010demo <strong data-start=\"401\" data-end=\"421\">blackout tkanine<\/strong> koje ujedinjuju <strong data-start=\"438\" data-end=\"469\">eleganciju i funkcionalnost<\/strong>, pru\u017eaju\u0107i potpunu za\u0161titu od svjetla kad je to potrebno.<\/p>\n<p data-start=\"529\" data-end=\"684\">Na\u0161i dekori dostupni su u razli\u010ditim uzorcima, bojama i stupnjevima prozra\u010dnosti te ih je mogu\u0107e savr\u0161eno prilagoditi stilu prostora i potrebama korisnika.<\/p>\n<p data-start=\"686\" data-end=\"953\">\u2705 Idealno za: urede, hotele, restorane, konferencijske dvorane, ordinacije i privatne domove<br data-start=\"778\" data-end=\"781\" \/>\u2705 Mogu\u0107nost izrade po mjeri i profesionalne monta\u017ee<br data-start=\"832\" data-end=\"835\" \/>\u2705 Visokokvalitetne tkanine koje traju<br data-start=\"872\" data-end=\"875\" \/>\u2705 Opcije sa zvu\u010dnom izolacijom i fire-retardant certifikatima dostupne na upit<\/p>\n<p data-start=\"686\" data-end=\"953\">Uzorci na slici:<\/p>\n<p data-start=\"686\" data-end=\"953\"><img loading=\"lazy\" decoding=\"async\" class=\"aligncenter size-full wp-image-1722\" src=\"http:\/\/www.dundo-interijeri.hr\/wp-content\/uploads\/2025\/07\/0.jpg\" alt=\"\" width=\"692\" height=\"922\" srcset=\"http:\/\/www.dundo-interijeri.hr\/wp-content\/uploads\/2025\/07\/0.jpg 692w, http:\/\/www.dundo-interijeri.hr\/wp-content\/uploads\/2025\/07\/0-600x799.jpg 600w, http:\/\/www.dundo-interijeri.hr\/wp-content\/uploads\/2025\/07\/0-300x400.jpg 300w\" sizes=\"auto, (max-width: 692px) 100vw, 692px\" \/><\/p>\n","protected":false},"featured_media":1641,"comment_status":"closed","ping_status":"closed","template":"","meta":{"_acf_changed":false},"product_brand":[],"product_cat":[297,290,291,292,294,295,296,16],"product_tag":[],"class_list":{"0":"post-1640","1":"product","2":"type-product","3":"status-publish","4":"has-post-thumbnail","6":"product_cat-zavjese","7":"product_cat-sunce-i-toplina","8":"product_cat-svijetlost-i-odbljesak","9":"product_cat-privatnost","10":"product_cat-vatrootpornost","11":"product_cat-rjesenja-za-hotele","12":"product_cat-ugostiteljstvo","13":"product_cat-unutarnja-sjenila","15":"first","16":"instock","17":"shipping-taxable","18":"product-type-simple"},"acf":[],"_links":{"self":[{"href":"http:\/\/www.dundo-interijeri.hr\/de\/wp-json\/wp\/v2\/product\/1640","targetHints":{"allow":["GET"]}}],"collection":[{"href":"http:\/\/www.dundo-interijeri.hr\/de\/wp-json\/wp\/v2\/product"}],"about":[{"href":"http:\/\/www.dundo-interijeri.hr\/de\/wp-json\/wp\/v2\/types\/product"}],"replies":[{"embeddable":true,"href":"http:\/\/www.dundo-interijeri.hr\/de\/wp-json\/wp\/v2\/comments?post=1640"}],"wp:featuredmedia":[{"embeddable":true,"href":"http:\/\/www.dundo-interijeri.hr\/de\/wp-json\/wp\/v2\/media\/1641"}],"wp:attachment":[{"href":"http:\/\/www.dundo-interijeri.hr\/de\/wp-json\/wp\/v2\/media?parent=1640"}],"wp:term":[{"taxonomy":"product_brand","embeddable":true,"href":"http:\/\/www.dundo-interijeri.hr\/de\/wp-json\/wp\/v2\/product_brand?post=1640"},{"taxonomy":"product_cat","embeddable":true,"href":"http:\/\/www.dundo-interijeri.hr\/de\/wp-json\/wp\/v2\/product_cat?post=1640"},{"taxonomy":"product_tag","embeddable":true,"href":"http:\/\/www.dundo-interijeri.hr\/de\/wp-json\/wp\/v2\/product_tag?post=1640"}],"curies":[{"name":"wp","href":"https:\/\/api.w.org\/{rel}","templated":true}]}}