{"id":1188,"date":"2025-03-31T16:55:30","date_gmt":"2025-03-31T14:55:30","guid":{"rendered":"http:\/\/www.dundo-interijeri.hr\/?post_type=product&#038;p=1188"},"modified":"2025-04-01T16:25:29","modified_gmt":"2025-04-01T14:25:29","slug":"pokrovi-za-ograde","status":"publish","type":"product","link":"http:\/\/www.dundo-interijeri.hr\/de\/proizvod\/pokrovi-za-ograde\/","title":{"rendered":"Pokrovi za ograde"},"content":{"rendered":"","protected":false},"excerpt":{"rendered":"<p class=\"\" data-start=\"78\" data-end=\"277\">PVC i Lexan ograde idealno su rje\u0161enje za <strong data-start=\"120\" data-end=\"155\">terase, balkone i zimske vrtove<\/strong>, pru\u017eaju\u0107i za\u0161titu od <strong data-start=\"178\" data-end=\"219\">vjetra, pogleda i vremenskih utjecaja<\/strong>, a istovremeno zadr\u017eavaju\u0107i moderan i elegantan izgled.<\/p>\n<p class=\"\" data-start=\"279\" data-end=\"755\">\u2705 <strong data-start=\"281\" data-end=\"309\">Izdr\u017eljivost i sigurnost<\/strong> \u2013 izra\u0111ene s aluminijskim okvirom koji osigurava stabilnost i dugotrajnost<br data-start=\"384\" data-end=\"387\" \/>\u2705 <strong data-start=\"389\" data-end=\"423\">Razli\u010dite varijante materijala<\/strong> \u2013 dostupne u <strong data-start=\"437\" data-end=\"478\" data-is-only-node=\"\">opalnoj, prozirnoj i obojenoj izvedbi<\/strong>, prilagodljive svakom prostoru<br data-start=\"509\" data-end=\"512\" \/>\u2705 <strong data-start=\"514\" data-end=\"546\">PVC \u2013 prakti\u010dnost i estetika<\/strong> \u2013 lagan, otporan na vlagu i UV zra\u010denje, ne mijenja boju ni oblik pod utjecajem vremenskih uvjeta<br data-start=\"644\" data-end=\"647\" \/>\u2705 <strong data-start=\"649\" data-end=\"679\">Lexan \u2013 vrhunska kvaliteta<\/strong> \u2013 izuzetno otporan na udarce, proziran poput stakla, ali znatno sigurniji<\/p>\n<p class=\"\" data-start=\"757\" data-end=\"859\">\ud83d\udccf <strong data-start=\"760\" data-end=\"784\">Izra\u0111ujemo po mjeri!<\/strong><br data-start=\"784\" data-end=\"787\" \/>\ud83d\udd27 <strong data-start=\"790\" data-end=\"818\">Brza i precizna monta\u017ea!<\/strong><br data-start=\"818\" data-end=\"821\" \/>\ud83d\udca1 <strong data-start=\"824\" data-end=\"857\">Garancija i servis osigurani!<\/strong><\/p>\n<p class=\"\" data-start=\"861\" data-end=\"971\">\u27a1\ufe0f Odaberite <strong data-start=\"874\" data-end=\"897\">PVC i Lexan pokrove<\/strong> i osigurajte dugotrajnu za\u0161titu i estetsku nadogradnju va\u0161eg prostora! \ud83c\udf1f<\/p>\n","protected":false},"featured_media":1317,"comment_status":"closed","ping_status":"closed","template":"","meta":{"_acf_changed":false},"product_brand":[],"product_cat":[52],"product_tag":[],"class_list":{"0":"post-1188","1":"product","2":"type-product","3":"status-publish","4":"has-post-thumbnail","6":"product_cat-pokrovi-za-ograde","8":"first","9":"instock","10":"shipping-taxable","11":"product-type-simple"},"acf":[],"_links":{"self":[{"href":"http:\/\/www.dundo-interijeri.hr\/de\/wp-json\/wp\/v2\/product\/1188","targetHints":{"allow":["GET"]}}],"collection":[{"href":"http:\/\/www.dundo-interijeri.hr\/de\/wp-json\/wp\/v2\/product"}],"about":[{"href":"http:\/\/www.dundo-interijeri.hr\/de\/wp-json\/wp\/v2\/types\/product"}],"replies":[{"embeddable":true,"href":"http:\/\/www.dundo-interijeri.hr\/de\/wp-json\/wp\/v2\/comments?post=1188"}],"wp:featuredmedia":[{"embeddable":true,"href":"http:\/\/www.dundo-interijeri.hr\/de\/wp-json\/wp\/v2\/media\/1317"}],"wp:attachment":[{"href":"http:\/\/www.dundo-interijeri.hr\/de\/wp-json\/wp\/v2\/media?parent=1188"}],"wp:term":[{"taxonomy":"product_brand","embeddable":true,"href":"http:\/\/www.dundo-interijeri.hr\/de\/wp-json\/wp\/v2\/product_brand?post=1188"},{"taxonomy":"product_cat","embeddable":true,"href":"http:\/\/www.dundo-interijeri.hr\/de\/wp-json\/wp\/v2\/product_cat?post=1188"},{"taxonomy":"product_tag","embeddable":true,"href":"http:\/\/www.dundo-interijeri.hr\/de\/wp-json\/wp\/v2\/product_tag?post=1188"}],"curies":[{"name":"wp","href":"https:\/\/api.w.org\/{rel}","templated":true}]}}