{"id":1167,"date":"2025-03-31T16:22:37","date_gmt":"2025-03-31T14:22:37","guid":{"rendered":"http:\/\/www.dundo-interijeri.hr\/?post_type=product&#038;p=1167"},"modified":"2026-02-10T10:13:00","modified_gmt":"2026-02-10T09:13:00","slug":"vanjske-zaluzine","status":"publish","type":"product","link":"http:\/\/www.dundo-interijeri.hr\/proizvod\/vanjske-zaluzine\/","title":{"rendered":"Vanjske \u017ealuzine"},"content":{"rendered":"","protected":false},"excerpt":{"rendered":"<p class=\"\" data-start=\"209\" data-end=\"357\">Vanjske \u017ealuzine su <strong data-start=\"229\" data-end=\"290\">modernija i funkcionalnija alternativa klasi\u010dnim roletama<\/strong>, pru\u017eaju\u0107i <strong data-start=\"302\" data-end=\"354\">izvrsnu za\u0161titu od sunca i zagrijavanja prostora<\/strong>.<\/p>\n<p>Sa svim <strong>atestima<\/strong> potrebim za energetsku obnovu, slu\u017ee za za\u0161titu od insolacije, bljeska i ulaska topline iza prozorskog stakla.<\/p>\n<p class=\"\" data-start=\"359\" data-end=\"734\">\u2600\ufe0f <strong data-start=\"362\" data-end=\"398\">Za\u0161to odabrati vanjske \u017ealuzine?<\/strong><br data-start=\"398\" data-end=\"401\" \/>\ud83d\udd39 Postavljene s vanjske strane prozora \u2013 <strong data-start=\"443\" data-end=\"473\">sprje\u010davaju prodor topline<\/strong> i smanjuju potro\u0161nju energije za hla\u0111enje<br data-start=\"515\" data-end=\"518\" \/>\ud83d\udd39 <strong data-start=\"521\" data-end=\"546\">Regulacija svjetlosti<\/strong> \u2013 jednostavno prilagodite koli\u010dinu dnevnog svjetla pode\u0161avanjem nagiba lamela<br data-start=\"624\" data-end=\"627\" \/>\ud83d\udd39 <strong data-start=\"630\" data-end=\"653\">Za\u0161tita privatnosti<\/strong> \u2013 onemogu\u0107uju ne\u017eeljene poglede izvana, a istovremeno omogu\u0107uju pogled iznutra<\/p>\n<p class=\"\" data-start=\"736\" data-end=\"842\">\ud83d\udd27 <strong data-start=\"739\" data-end=\"762\">Na\u010dini upravljanja:<\/strong><br data-start=\"762\" data-end=\"765\" \/>\u2705 \u0160tapna regulacija<br data-start=\"784\" data-end=\"787\" \/>\u2705 Monokomanda<br data-start=\"800\" data-end=\"803\" \/>\u2705 Elektromotor za maksimalnu udobnost<\/p>\n<p class=\"\" data-start=\"844\" data-end=\"934\">\ud83d\udccf <strong data-start=\"847\" data-end=\"893\">Izlazimo na izmjeru i osiguravamo monta\u017eu!<\/strong><br data-start=\"893\" data-end=\"896\" \/>\u2714\ufe0f <strong data-start=\"899\" data-end=\"932\">Garancija i servis osigurani!<\/strong><\/p>\n<hr class=\"\" data-start=\"936\" data-end=\"939\" \/>\n<h2 class=\"\" data-start=\"941\" data-end=\"988\"><strong data-start=\"944\" data-end=\"986\">Odaberi lamele prema svojim potrebama!<\/strong><\/h2>\n<h3 class=\"\" data-start=\"990\" data-end=\"1049\"><strong data-start=\"994\" data-end=\"1047\">C80 lamele \u2013 fleksibilne i estetski prilagodljive<\/strong><\/h3>\n<p class=\"\" data-start=\"1050\" data-end=\"1342\"><em data-start=\"1050\" data-end=\"1096\">(Ispod slike C80 lamela i primjera ugradnje)<\/em><br data-start=\"1096\" data-end=\"1099\" \/>\ud83d\udd39 \u0160irina: 80 mm<br data-start=\"1115\" data-end=\"1118\" \/>\ud83d\udd39 Blago zakrivljen <strong data-start=\"1138\" data-end=\"1150\">C-profil<\/strong> omogu\u0107uje <strong data-start=\"1161\" data-end=\"1194\">glatko pode\u0161avanje svjetlosti<\/strong><br data-start=\"1194\" data-end=\"1197\" \/>\ud83d\udd39 Vizualno <strong data-start=\"1209\" data-end=\"1228\">laganiji izgled<\/strong>, idealan za stambene i poslovne objekte<br data-start=\"1268\" data-end=\"1271\" \/>\ud83d\udd39 Omogu\u0107uje <strong data-start=\"1284\" data-end=\"1308\">prozra\u010dnost prostora<\/strong> \u010dak i kada su \u017ealuzine spu\u0161tene<\/p>\n<p data-start=\"1050\" data-end=\"1342\"><img loading=\"lazy\" decoding=\"async\" class=\"aligncenter wp-image-746\" src=\"http:\/\/www.dundo-interijeri.hr\/wp-content\/uploads\/2025\/03\/Lamela-C80-za-vanjske-zaluzine.jpg\" alt=\"\" width=\"605\" height=\"351\" srcset=\"http:\/\/www.dundo-interijeri.hr\/wp-content\/uploads\/2025\/03\/Lamela-C80-za-vanjske-zaluzine.jpg 700w, http:\/\/www.dundo-interijeri.hr\/wp-content\/uploads\/2025\/03\/Lamela-C80-za-vanjske-zaluzine-400x232.jpg 400w, http:\/\/www.dundo-interijeri.hr\/wp-content\/uploads\/2025\/03\/Lamela-C80-za-vanjske-zaluzine-600x348.jpg 600w\" sizes=\"auto, (max-width: 605px) 100vw, 605px\" \/><\/p>\n<p data-start=\"1050\" data-end=\"1342\">C80 lamela<\/p>\n<p data-start=\"1050\" data-end=\"1342\"><img loading=\"lazy\" decoding=\"async\" class=\"aligncenter wp-image-1170\" src=\"http:\/\/www.dundo-interijeri.hr\/wp-content\/uploads\/2025\/03\/0-2.jpg\" alt=\"\" width=\"596\" height=\"447\" srcset=\"http:\/\/www.dundo-interijeri.hr\/wp-content\/uploads\/2025\/03\/0-2.jpg 1159w, http:\/\/www.dundo-interijeri.hr\/wp-content\/uploads\/2025\/03\/0-2-800x600.jpg 800w, http:\/\/www.dundo-interijeri.hr\/wp-content\/uploads\/2025\/03\/0-2-400x300.jpg 400w, http:\/\/www.dundo-interijeri.hr\/wp-content\/uploads\/2025\/03\/0-2-768x576.jpg 768w, http:\/\/www.dundo-interijeri.hr\/wp-content\/uploads\/2025\/03\/0-2-600x450.jpg 600w\" sizes=\"auto, (max-width: 596px) 100vw, 596px\" \/> <img loading=\"lazy\" decoding=\"async\" class=\"aligncenter wp-image-1172\" src=\"http:\/\/www.dundo-interijeri.hr\/wp-content\/uploads\/2025\/03\/hgjk.jpg\" alt=\"\" width=\"216\" height=\"288\" srcset=\"http:\/\/www.dundo-interijeri.hr\/wp-content\/uploads\/2025\/03\/hgjk.jpg 652w, http:\/\/www.dundo-interijeri.hr\/wp-content\/uploads\/2025\/03\/hgjk-600x800.jpg 600w, http:\/\/www.dundo-interijeri.hr\/wp-content\/uploads\/2025\/03\/hgjk-300x400.jpg 300w\" sizes=\"auto, (max-width: 216px) 100vw, 216px\" \/><\/p>\n<hr class=\"\" data-start=\"1344\" data-end=\"1347\" \/>\n<h3 class=\"\" data-start=\"1349\" data-end=\"1403\"><strong data-start=\"1353\" data-end=\"1401\">Z90 lamele \u2013 maksimalna za\u0161tita i zamra\u010denje<\/strong><\/h3>\n<p class=\"\" data-start=\"1404\" data-end=\"1692\"><em data-start=\"1404\" data-end=\"1450\">(Ispod slike Z90 lamela i primjera ugradnje)<\/em><br data-start=\"1450\" data-end=\"1453\" \/>\ud83d\udd39 \u0160irina: 90 mm<br data-start=\"1469\" data-end=\"1472\" \/>\ud83d\udd39 <strong data-start=\"1475\" data-end=\"1487\">Z-profil<\/strong> osigurava <strong data-start=\"1498\" data-end=\"1519\">\u010dvr\u0161\u0107e zatvaranje<\/strong> i bolju za\u0161titu od sunca<br data-start=\"1544\" data-end=\"1547\" \/>\ud83d\udd39 Prakti\u010dki <strong data-start=\"1560\" data-end=\"1582\">potpuno zamra\u010denje<\/strong> u zatvorenom polo\u017eaju<br data-start=\"1604\" data-end=\"1607\" \/>\ud83d\udd39 Ve\u0107a otpornost na vjetar \u2013 <strong data-start=\"1637\" data-end=\"1690\">idealne za objekte s velikim staklenim povr\u0161inama<\/strong><\/p>\n<p data-start=\"1404\" data-end=\"1692\"><img loading=\"lazy\" decoding=\"async\" class=\"aligncenter wp-image-754\" src=\"http:\/\/www.dundo-interijeri.hr\/wp-content\/uploads\/2025\/03\/Z-lamela-za-vanjske-zaluzine.jpg\" alt=\"\" width=\"626\" height=\"363\" srcset=\"http:\/\/www.dundo-interijeri.hr\/wp-content\/uploads\/2025\/03\/Z-lamela-za-vanjske-zaluzine.jpg 700w, http:\/\/www.dundo-interijeri.hr\/wp-content\/uploads\/2025\/03\/Z-lamela-za-vanjske-zaluzine-400x232.jpg 400w, http:\/\/www.dundo-interijeri.hr\/wp-content\/uploads\/2025\/03\/Z-lamela-za-vanjske-zaluzine-600x348.jpg 600w\" sizes=\"auto, (max-width: 626px) 100vw, 626px\" \/><\/p>\n<p style=\"text-align: left;\" data-start=\"1404\" data-end=\"1692\">Z90 lamela<\/p>\n<p data-start=\"1404\" data-end=\"1692\"><img loading=\"lazy\" decoding=\"async\" class=\"aligncenter wp-image-1168\" src=\"http:\/\/www.dundo-interijeri.hr\/wp-content\/uploads\/2025\/03\/0-1.jpg\" alt=\"\" width=\"647\" height=\"485\" srcset=\"http:\/\/www.dundo-interijeri.hr\/wp-content\/uploads\/2025\/03\/0-1.jpg 1159w, http:\/\/www.dundo-interijeri.hr\/wp-content\/uploads\/2025\/03\/0-1-800x600.jpg 800w, http:\/\/www.dundo-interijeri.hr\/wp-content\/uploads\/2025\/03\/0-1-400x300.jpg 400w, http:\/\/www.dundo-interijeri.hr\/wp-content\/uploads\/2025\/03\/0-1-768x576.jpg 768w, http:\/\/www.dundo-interijeri.hr\/wp-content\/uploads\/2025\/03\/0-1-600x450.jpg 600w\" sizes=\"auto, (max-width: 647px) 100vw, 647px\" \/><\/p>\n<p class=\"\" data-start=\"1694\" data-end=\"1858\">\ud83c\udfaf <strong data-start=\"1697\" data-end=\"1715\">Koje odabrati?<\/strong><br data-start=\"1715\" data-end=\"1718\" \/>\ud83d\udd39 <strong data-start=\"1721\" data-end=\"1728\">C80<\/strong> \u2013 za elegantan izgled i fleksibilnost svjetlosne regulacije<br data-start=\"1788\" data-end=\"1791\" \/>\ud83d\udd39 <strong data-start=\"1794\" data-end=\"1801\">Z90<\/strong> \u2013 za maksimalnu za\u0161titu od svjetla i vremenskih uvjeta<\/p>\n<p class=\"\" data-start=\"1860\" data-end=\"1949\">\ud83d\udce9 <strong data-start=\"1863\" data-end=\"1947\">Kontaktirajte nas i odaberite idealno rje\u0161enje za svoj dom ili poslovni prostor!<\/strong><\/p>\n","protected":false},"featured_media":1174,"comment_status":"closed","ping_status":"closed","template":"","meta":{"_acf_changed":false},"product_brand":[],"product_cat":[290,44],"product_tag":[],"class_list":{"0":"post-1167","1":"product","2":"type-product","3":"status-publish","4":"has-post-thumbnail","6":"product_cat-sunce-i-toplina","7":"product_cat-vanjske-zaluzine","9":"first","10":"instock","11":"shipping-taxable","12":"product-type-simple"},"acf":[],"_links":{"self":[{"href":"http:\/\/www.dundo-interijeri.hr\/de\/wp-json\/wp\/v2\/product\/1167","targetHints":{"allow":["GET"]}}],"collection":[{"href":"http:\/\/www.dundo-interijeri.hr\/de\/wp-json\/wp\/v2\/product"}],"about":[{"href":"http:\/\/www.dundo-interijeri.hr\/de\/wp-json\/wp\/v2\/types\/product"}],"replies":[{"embeddable":true,"href":"http:\/\/www.dundo-interijeri.hr\/de\/wp-json\/wp\/v2\/comments?post=1167"}],"wp:featuredmedia":[{"embeddable":true,"href":"http:\/\/www.dundo-interijeri.hr\/de\/wp-json\/wp\/v2\/media\/1174"}],"wp:attachment":[{"href":"http:\/\/www.dundo-interijeri.hr\/de\/wp-json\/wp\/v2\/media?parent=1167"}],"wp:term":[{"taxonomy":"product_brand","embeddable":true,"href":"http:\/\/www.dundo-interijeri.hr\/de\/wp-json\/wp\/v2\/product_brand?post=1167"},{"taxonomy":"product_cat","embeddable":true,"href":"http:\/\/www.dundo-interijeri.hr\/de\/wp-json\/wp\/v2\/product_cat?post=1167"},{"taxonomy":"product_tag","embeddable":true,"href":"http:\/\/www.dundo-interijeri.hr\/de\/wp-json\/wp\/v2\/product_tag?post=1167"}],"curies":[{"name":"wp","href":"https:\/\/api.w.org\/{rel}","templated":true}]}}