{"id":1160,"date":"2025-03-31T16:06:56","date_gmt":"2025-03-31T14:06:56","guid":{"rendered":"http:\/\/www.dundo-interijeri.hr\/?post_type=product&#038;p=1160"},"modified":"2025-07-18T12:13:08","modified_gmt":"2025-07-18T10:13:08","slug":"suncobrani","status":"publish","type":"product","link":"http:\/\/www.dundo-interijeri.hr\/proizvod\/suncobrani\/","title":{"rendered":"Suncobrani"},"content":{"rendered":"","protected":false},"excerpt":{"rendered":"<p class=\"\" data-start=\"149\" data-end=\"294\">Bilo da u\u017eivate na terasi, vrtu, uz bazen ili na pla\u017ei, <strong data-start=\"205\" data-end=\"242\">suncobrani su neizostavan dodatak<\/strong> koji pru\u017ea za\u0161titu od sunca i stvara ugodan hlad.<\/p>\n<p class=\"\" data-start=\"296\" data-end=\"693\">\u2705 <strong data-start=\"298\" data-end=\"333\">Za\u0161to odabrati na\u0161e suncobrane?<\/strong><br data-start=\"333\" data-end=\"336\" \/>\ud83d\udd39 <strong data-start=\"339\" data-end=\"360\">Visoka UV za\u0161tita<\/strong> \u2013 \u0161titi va\u0161u ko\u017eu i omogu\u0107uje sigurno u\u017eivanje na otvorenom<br data-start=\"420\" data-end=\"423\" \/>\ud83d\udd39 <strong data-start=\"426\" data-end=\"453\">Prakti\u010dnost i mobilnost<\/strong> \u2013 lako se postavljaju i prilago\u0111avaju razli\u010ditim prostorima<br data-start=\"513\" data-end=\"516\" \/>\ud83d\udd39 <strong data-start=\"519\" data-end=\"539\">Elegantni dizajn<\/strong> \u2013 \u0161irok izbor veli\u010dina, boja i stilova za savr\u0161en vizualni dojam<br data-start=\"604\" data-end=\"607\" \/>\ud83d\udd39 <strong data-start=\"610\" data-end=\"626\">Izdr\u017eljivost<\/strong> \u2013 materijali otporni na sunce, vjetar i vlagu jam\u010de dugotrajnost<\/p>\n<p class=\"\" data-start=\"695\" data-end=\"995\">\ud83c\udf7d\ufe0f <strong data-start=\"699\" data-end=\"740\">Idealan odabir za kafi\u0107e i restorane!<\/strong><br data-start=\"740\" data-end=\"743\" \/>Stvorite <strong data-start=\"752\" data-end=\"787\">ugodnu atmosferu za svoje goste<\/strong> i osigurajte im za\u0161titu od sunca uz elegantne i kvalitetne suncobrane. Na\u0161i modeli prilago\u0111eni su <strong data-start=\"886\" data-end=\"914\">ugostiteljskim objektima<\/strong>, nude\u0107i <strong data-start=\"923\" data-end=\"992\">izdr\u017eljivost, stabilnost i vizualnu uskla\u0111enost s va\u0161im prostorom<\/strong>.<\/p>\n<p class=\"\" data-start=\"997\" data-end=\"1089\">\ud83c\udfaf <strong data-start=\"1000\" data-end=\"1087\">Savr\u0161eni za privatne i poslovne prostore koji \u017eele spoj funkcionalnosti i estetike!<\/strong><\/p>\n<p class=\"\" data-start=\"1091\" data-end=\"1210\">\ud83d\udccf Nudimo savjetovanje, izmjeru i monta\u017eu!<br data-start=\"1133\" data-end=\"1136\" \/>\ud83d\udce9 Kontaktirajte nas i osigurajte savr\u0161en hlad uz vrhunsku kvalitetu. \ud83c\udf34<\/p>\n","protected":false},"featured_media":1161,"comment_status":"closed","ping_status":"closed","template":"","meta":{"_acf_changed":false},"product_brand":[],"product_cat":[295,296,161],"product_tag":[],"class_list":{"0":"post-1160","1":"product","2":"type-product","3":"status-publish","4":"has-post-thumbnail","6":"product_cat-rjesenja-za-hotele","7":"product_cat-ugostiteljstvo","8":"product_cat-suncobrani","10":"first","11":"instock","12":"shipping-taxable","13":"product-type-simple"},"acf":[],"_links":{"self":[{"href":"http:\/\/www.dundo-interijeri.hr\/de\/wp-json\/wp\/v2\/product\/1160","targetHints":{"allow":["GET"]}}],"collection":[{"href":"http:\/\/www.dundo-interijeri.hr\/de\/wp-json\/wp\/v2\/product"}],"about":[{"href":"http:\/\/www.dundo-interijeri.hr\/de\/wp-json\/wp\/v2\/types\/product"}],"replies":[{"embeddable":true,"href":"http:\/\/www.dundo-interijeri.hr\/de\/wp-json\/wp\/v2\/comments?post=1160"}],"wp:featuredmedia":[{"embeddable":true,"href":"http:\/\/www.dundo-interijeri.hr\/de\/wp-json\/wp\/v2\/media\/1161"}],"wp:attachment":[{"href":"http:\/\/www.dundo-interijeri.hr\/de\/wp-json\/wp\/v2\/media?parent=1160"}],"wp:term":[{"taxonomy":"product_brand","embeddable":true,"href":"http:\/\/www.dundo-interijeri.hr\/de\/wp-json\/wp\/v2\/product_brand?post=1160"},{"taxonomy":"product_cat","embeddable":true,"href":"http:\/\/www.dundo-interijeri.hr\/de\/wp-json\/wp\/v2\/product_cat?post=1160"},{"taxonomy":"product_tag","embeddable":true,"href":"http:\/\/www.dundo-interijeri.hr\/de\/wp-json\/wp\/v2\/product_tag?post=1160"}],"curies":[{"name":"wp","href":"https:\/\/api.w.org\/{rel}","templated":true}]}}