{"id":1139,"date":"2025-03-31T13:22:03","date_gmt":"2025-03-31T11:22:03","guid":{"rendered":"http:\/\/www.dundo-interijeri.hr\/?post_type=product&#038;p=1139"},"modified":"2026-03-18T13:00:39","modified_gmt":"2026-03-18T12:00:39","slug":"rolo-fantasia","status":"publish","type":"product","link":"http:\/\/www.dundo-interijeri.hr\/proizvod\/rolo-fantasia\/","title":{"rendered":"Rolo fantasia"},"content":{"rendered":"","protected":false},"excerpt":{"rendered":"<p data-start=\"62\" data-end=\"248\">Rolo fantasia je minijaturna verzija rolo zavjese koja slu\u017ei za zasjenjivanje manjih staklenih povr\u0161ina kako bi stvorila dojam rolete i postigla zamra\u010denje unutar prostorije.<\/p>\n<p class=\"\" data-start=\"62\" data-end=\"248\">Tako\u0111er, unose poseban estetski dojam u svaki prostor, kombiniraju\u0107i <strong data-start=\"144\" data-end=\"172\">prakti\u010dnost rolo zavjesa<\/strong> s dekorativnim uzorcima koji prostoru daju <strong data-start=\"216\" data-end=\"245\">toplinu i sofisticiranost<\/strong>.<\/p>\n<p class=\"\" data-start=\"250\" data-end=\"500\">\u2714 <strong data-start=\"252\" data-end=\"274\">Ekskluzivni uzorci<\/strong> \u2013 stilski motivi koji unose eleganciju u va\u0161 dom ili ured<br data-start=\"332\" data-end=\"335\" \/>\u2714 <strong data-start=\"337\" data-end=\"360\">Kontrola svjetlosti<\/strong> \u2013 zadr\u017eava privatnost, a istovremeno propu\u0161ta prirodno svjetlo<br data-start=\"423\" data-end=\"426\" data-is-only-node=\"\" \/>\u2714 <strong data-start=\"428\" data-end=\"453\">Kvalitetni materijali<\/strong> \u2013 otporni na UV zra\u010denje i lako se odr\u017eavaju<\/p>\n<p class=\"\" data-start=\"502\" data-end=\"610\">\ud83d\udccf <strong data-start=\"505\" data-end=\"529\">Izra\u0111ujemo po mjeri!<\/strong><br data-start=\"529\" data-end=\"532\" \/>\ud83d\udd27 <strong data-start=\"535\" data-end=\"569\">Izlazimo na izmjeru i monta\u017eu!<\/strong><br data-start=\"569\" data-end=\"572\" \/>\ud83d\udca1 <strong data-start=\"575\" data-end=\"608\">Garancija i servis osigurani!<\/strong><\/p>\n<p class=\"\" data-start=\"612\" data-end=\"686\">\u27a1\ufe0f Istaknite svoj prostor s profinjenim dizajnom Rolo Fantasia zavjesa! \ud83c\udf1f<\/p>\n<p>&nbsp;<\/p>\n","protected":false},"featured_media":1315,"comment_status":"closed","ping_status":"closed","template":"","meta":{"_acf_changed":false},"product_brand":[],"product_cat":[37],"product_tag":[],"class_list":{"0":"post-1139","1":"product","2":"type-product","3":"status-publish","4":"has-post-thumbnail","6":"product_cat-rolo-zavjese","8":"first","9":"instock","10":"shipping-taxable","11":"product-type-simple"},"acf":[],"_links":{"self":[{"href":"http:\/\/www.dundo-interijeri.hr\/de\/wp-json\/wp\/v2\/product\/1139","targetHints":{"allow":["GET"]}}],"collection":[{"href":"http:\/\/www.dundo-interijeri.hr\/de\/wp-json\/wp\/v2\/product"}],"about":[{"href":"http:\/\/www.dundo-interijeri.hr\/de\/wp-json\/wp\/v2\/types\/product"}],"replies":[{"embeddable":true,"href":"http:\/\/www.dundo-interijeri.hr\/de\/wp-json\/wp\/v2\/comments?post=1139"}],"wp:featuredmedia":[{"embeddable":true,"href":"http:\/\/www.dundo-interijeri.hr\/de\/wp-json\/wp\/v2\/media\/1315"}],"wp:attachment":[{"href":"http:\/\/www.dundo-interijeri.hr\/de\/wp-json\/wp\/v2\/media?parent=1139"}],"wp:term":[{"taxonomy":"product_brand","embeddable":true,"href":"http:\/\/www.dundo-interijeri.hr\/de\/wp-json\/wp\/v2\/product_brand?post=1139"},{"taxonomy":"product_cat","embeddable":true,"href":"http:\/\/www.dundo-interijeri.hr\/de\/wp-json\/wp\/v2\/product_cat?post=1139"},{"taxonomy":"product_tag","embeddable":true,"href":"http:\/\/www.dundo-interijeri.hr\/de\/wp-json\/wp\/v2\/product_tag?post=1139"}],"curies":[{"name":"wp","href":"https:\/\/api.w.org\/{rel}","templated":true}]}}