{"id":1127,"date":"2025-03-26T15:43:55","date_gmt":"2025-03-26T14:43:55","guid":{"rendered":"http:\/\/www.dundo-interijeri.hr\/?post_type=product&#038;p=1127"},"modified":"2025-04-07T12:32:52","modified_gmt":"2025-04-07T10:32:52","slug":"balkonska-tenda","status":"publish","type":"product","link":"http:\/\/www.dundo-interijeri.hr\/de\/proizvod\/balkonska-tenda\/","title":{"rendered":"Balkonska tenda"},"content":{"rendered":"","protected":false},"excerpt":{"rendered":"<p class=\"\" data-start=\"104\" data-end=\"368\">Balkonske tende postaju sve popularniji izbor za za\u0161titu od sunca \ud83c\udf1e i ki\u0161e \ud83c\udf27\ufe0f, a ujedno unose elegantan i moderan izgled u svaki prostor. Idealne su za manje prozore, balkone i otvorene prostore, jer nude jednostavno rje\u0161enje koje se prilago\u0111ava va\u0161im potrebama.<\/p>\n<p class=\"\" data-start=\"370\" data-end=\"826\">\u2728 <strong data-start=\"372\" data-end=\"401\">Prednosti balkonske tende<\/strong><br data-start=\"401\" data-end=\"404\" \/>\u2705 <strong data-start=\"406\" data-end=\"434\">Fleksibilnost kori\u0161tenja<\/strong> \u2013 spu\u0161ta se okomito i mo\u017ee se kretati po vodilicama ili slobodno padati<br data-start=\"506\" data-end=\"509\" \/>\u2705 <strong data-start=\"511\" data-end=\"539\">Ru\u010dno pode\u0161avanje nagiba<\/strong> \u2013 lako stvarate \u017eeljeni kut prema potrebama prostora<br data-start=\"592\" data-end=\"595\" \/>\u2705 <strong data-start=\"597\" data-end=\"619\">\u0160irok spektar boja<\/strong> \u2013 odaberite boju koja najbolje odgovara va\u0161em prostoru \ud83c\udf08<br data-start=\"677\" data-end=\"680\" \/>\u2705 <strong data-start=\"682\" data-end=\"703\">Minimalan prostor<\/strong> \u2013 zauzima malo mjesta, ali nudi maksimalnu za\u0161titu<br data-start=\"754\" data-end=\"757\" \/>\u2705 <strong data-start=\"759\" data-end=\"775\">Izdr\u017eljivost<\/strong> \u2013 dugotrajan materijal koji garantira dugovje\u010dnost<\/p>\n<p class=\"\" data-start=\"828\" data-end=\"1002\">\ud83d\udccf <strong data-start=\"831\" data-end=\"853\">Dimenzije i opcije<\/strong><br data-start=\"853\" data-end=\"856\" \/>\ud83d\udd39 Idealno za male i srednje prozore, ali dostupna i za ve\u0107e balkone ili otvore<br data-start=\"935\" data-end=\"938\" \/>\ud83d\udd39 Mogu\u0107nost pode\u0161avanja prema to\u010dnim dimenzijama va\u0161eg prostora<\/p>\n<p class=\"\" data-start=\"1004\" data-end=\"1182\">\ud83d\udd27 <strong data-start=\"1007\" data-end=\"1017\">Usluge<\/strong><br data-start=\"1017\" data-end=\"1020\" \/>\ud83d\udd38 <strong data-start=\"1023\" data-end=\"1045\">Mjerenje i monta\u017ea<\/strong> \u2013 izlazimo na teren i osiguravamo savr\u0161en fit za va\u0161 balkon<br data-start=\"1105\" data-end=\"1108\" \/>\ud83d\udd38 <strong data-start=\"1111\" data-end=\"1133\">Garancija i servis<\/strong> \u2013 sigurnost i dugovje\u010dnost tende uz na\u0161u podr\u0161ku<\/p>\n<p class=\"\" data-start=\"1184\" data-end=\"1260\">Neka va\u0161a terasa ili balkon zasja u novom svjetlu uz na\u0161u balkonsku tendu! \u2728<\/p>\n","protected":false},"featured_media":1426,"comment_status":"closed","ping_status":"closed","template":"","meta":{"_acf_changed":false},"product_brand":[],"product_cat":[48],"product_tag":[],"class_list":{"0":"post-1127","1":"product","2":"type-product","3":"status-publish","4":"has-post-thumbnail","6":"product_cat-tende","8":"first","9":"instock","10":"shipping-taxable","11":"product-type-simple"},"acf":[],"_links":{"self":[{"href":"http:\/\/www.dundo-interijeri.hr\/de\/wp-json\/wp\/v2\/product\/1127","targetHints":{"allow":["GET"]}}],"collection":[{"href":"http:\/\/www.dundo-interijeri.hr\/de\/wp-json\/wp\/v2\/product"}],"about":[{"href":"http:\/\/www.dundo-interijeri.hr\/de\/wp-json\/wp\/v2\/types\/product"}],"replies":[{"embeddable":true,"href":"http:\/\/www.dundo-interijeri.hr\/de\/wp-json\/wp\/v2\/comments?post=1127"}],"wp:featuredmedia":[{"embeddable":true,"href":"http:\/\/www.dundo-interijeri.hr\/de\/wp-json\/wp\/v2\/media\/1426"}],"wp:attachment":[{"href":"http:\/\/www.dundo-interijeri.hr\/de\/wp-json\/wp\/v2\/media?parent=1127"}],"wp:term":[{"taxonomy":"product_brand","embeddable":true,"href":"http:\/\/www.dundo-interijeri.hr\/de\/wp-json\/wp\/v2\/product_brand?post=1127"},{"taxonomy":"product_cat","embeddable":true,"href":"http:\/\/www.dundo-interijeri.hr\/de\/wp-json\/wp\/v2\/product_cat?post=1127"},{"taxonomy":"product_tag","embeddable":true,"href":"http:\/\/www.dundo-interijeri.hr\/de\/wp-json\/wp\/v2\/product_tag?post=1127"}],"curies":[{"name":"wp","href":"https:\/\/api.w.org\/{rel}","templated":true}]}}