{"id":1126,"date":"2025-03-26T15:43:25","date_gmt":"2025-03-26T14:43:25","guid":{"rendered":"http:\/\/www.dundo-interijeri.hr\/?post_type=product&#038;p=1126"},"modified":"2025-07-18T12:10:36","modified_gmt":"2025-07-18T10:10:36","slug":"samostojeca-tenda","status":"publish","type":"product","link":"http:\/\/www.dundo-interijeri.hr\/proizvod\/samostojeca-tenda\/","title":{"rendered":"Samostoje\u0107a tenda"},"content":{"rendered":"","protected":false},"excerpt":{"rendered":"<p class=\"\" data-start=\"57\" data-end=\"144\"><strong data-start=\"57\" data-end=\"78\">Samostoje\u0107a tenda<\/strong> \u2013 idealna za natkrivanje velikih terasa bez oslonca na objekt \ud83c\udf1e.<\/p>\n<p class=\"\" data-start=\"146\" data-end=\"289\">Naj\u010de\u0161\u0107e se koristi u ugostiteljstvu \ud83c\udf7d\ufe0f.<\/p>\n<p class=\"\" data-start=\"146\" data-end=\"289\">Sastoji se od \u010deli\u010dne nosive konstrukcije u bijeloj boji \u26aa, na kojoj su s obje strane ugra\u0111ene tende.<\/p>\n<p class=\"\" data-start=\"291\" data-end=\"377\">Platno je impregnirano, ne propu\u0161ta ki\u0161u \ud83c\udf27\ufe0f i u\u010dinkovito odbija sun\u010devu svjetlost \ud83c\udf1e.<\/p>\n<p class=\"\" data-start=\"379\" data-end=\"539\">Konstrukcija tende je \u010dvrsta i otporna na nalete vjetra \ud83c\udf2c\ufe0f. Tenda se mo\u017ee upravljati ru\u010dno \u270b ili elektromotorom \u26a1. Dostupan je \u0161irok spektar boja i uzoraka \ud83c\udfa8.<\/p>\n<p class=\"\" data-start=\"541\" data-end=\"578\">Nudimo uslugu izmjere i monta\u017ee \ud83d\udccf\ud83d\udd27.<\/p>\n<p class=\"\" data-start=\"580\" data-end=\"615\">Garancija i servis su osigurani \ud83d\udd12.<\/p>\n<hr class=\"\" data-start=\"617\" data-end=\"620\" \/>\n<p class=\"\" data-start=\"622\" data-end=\"649\">\n","protected":false},"featured_media":1488,"comment_status":"closed","ping_status":"closed","template":"","meta":{"_acf_changed":false},"product_brand":[],"product_cat":[295,296,48],"product_tag":[],"class_list":{"0":"post-1126","1":"product","2":"type-product","3":"status-publish","4":"has-post-thumbnail","6":"product_cat-rjesenja-za-hotele","7":"product_cat-ugostiteljstvo","8":"product_cat-tende","10":"first","11":"instock","12":"shipping-taxable","13":"product-type-simple"},"acf":[],"_links":{"self":[{"href":"http:\/\/www.dundo-interijeri.hr\/de\/wp-json\/wp\/v2\/product\/1126","targetHints":{"allow":["GET"]}}],"collection":[{"href":"http:\/\/www.dundo-interijeri.hr\/de\/wp-json\/wp\/v2\/product"}],"about":[{"href":"http:\/\/www.dundo-interijeri.hr\/de\/wp-json\/wp\/v2\/types\/product"}],"replies":[{"embeddable":true,"href":"http:\/\/www.dundo-interijeri.hr\/de\/wp-json\/wp\/v2\/comments?post=1126"}],"wp:featuredmedia":[{"embeddable":true,"href":"http:\/\/www.dundo-interijeri.hr\/de\/wp-json\/wp\/v2\/media\/1488"}],"wp:attachment":[{"href":"http:\/\/www.dundo-interijeri.hr\/de\/wp-json\/wp\/v2\/media?parent=1126"}],"wp:term":[{"taxonomy":"product_brand","embeddable":true,"href":"http:\/\/www.dundo-interijeri.hr\/de\/wp-json\/wp\/v2\/product_brand?post=1126"},{"taxonomy":"product_cat","embeddable":true,"href":"http:\/\/www.dundo-interijeri.hr\/de\/wp-json\/wp\/v2\/product_cat?post=1126"},{"taxonomy":"product_tag","embeddable":true,"href":"http:\/\/www.dundo-interijeri.hr\/de\/wp-json\/wp\/v2\/product_tag?post=1126"}],"curies":[{"name":"wp","href":"https:\/\/api.w.org\/{rel}","templated":true}]}}