{"id":1125,"date":"2025-03-26T15:42:55","date_gmt":"2025-03-26T14:42:55","guid":{"rendered":"http:\/\/www.dundo-interijeri.hr\/?post_type=product&#038;p=1125"},"modified":"2025-07-18T12:11:21","modified_gmt":"2025-07-18T10:11:21","slug":"kazetna-tenda","status":"publish","type":"product","link":"http:\/\/www.dundo-interijeri.hr\/proizvod\/kazetna-tenda\/","title":{"rendered":"Kazetna tenda"},"content":{"rendered":"","protected":false},"excerpt":{"rendered":"<p class=\"\" data-start=\"112\" data-end=\"288\">Kazetne tende su horizontalno-konzolnog tipa, idealne za za\u0161titu od prejake svjetlosti i sunca \u2600\ufe0f. Savr\u0161ene su za balkone, lo\u0111e, terase, dvori\u0161ta i poslovne objekte do 20 m\u00b2.<\/p>\n<p class=\"\" data-start=\"290\" data-end=\"605\">\ud83d\udd39 <strong data-start=\"293\" data-end=\"319\">Za\u0161tita i dugovje\u010dnost<\/strong> \u2013 kazeta \u0161titi tkaninu i mehanizam od nepovoljnih vremenskih uvjeta tijekom cijele godine \ud83c\udf27\ufe0f\u2744\ufe0f<br data-start=\"415\" data-end=\"418\" \/>\ud83d\udd39 <strong data-start=\"421\" data-end=\"446\">Hermeti\u010dko zatvaranje<\/strong> \u2013 sprje\u010dava ulazak vlage i produljuje vijek trajanja tende \u23f3<br data-start=\"507\" data-end=\"510\" \/>\ud83d\udd39 <strong data-start=\"513\" data-end=\"552\">Izdr\u017eljiva aluminijska konstrukcija<\/strong> \u2013 dostupna u bijeloj \u26aa, sivoj \u26ab i antracit boji \ud83c\udf11<\/p>\n<p class=\"\" data-start=\"607\" data-end=\"626\">\ud83d\udccf <strong data-start=\"610\" data-end=\"623\">Dimenzije<\/strong>:<\/p>\n<ul data-start=\"627\" data-end=\"697\">\n<li class=\"\" data-start=\"627\" data-end=\"667\">\n<p class=\"\" data-start=\"629\" data-end=\"667\">Maksimalna \u0161irina kazete: <strong data-start=\"655\" data-end=\"665\">500 cm<\/strong><\/p>\n<\/li>\n<li class=\"\" data-start=\"668\" data-end=\"697\">\n<p class=\"\" data-start=\"670\" data-end=\"697\">Izba\u010daj tende: <strong data-start=\"685\" data-end=\"695\">300 cm<\/strong><\/p>\n<\/li>\n<\/ul>\n<p class=\"\" data-start=\"699\" data-end=\"817\">\u26a1 <strong data-start=\"701\" data-end=\"724\">Pametno upravljanje<\/strong>:<br data-start=\"725\" data-end=\"728\" \/>Ugra\u0111eni elektromotor omogu\u0107ava upravljanje prekida\u010dem ili daljinskim upravlja\u010dem \ud83c\udf9b\ufe0f\ud83d\udce1<\/p>\n<p class=\"\" data-start=\"819\" data-end=\"882\">Stvorite ugodan i za\u0161ti\u0107en prostor uz na\u0161e kazetne tende! \ud83c\udfe0\u2728<\/p>\n","protected":false},"featured_media":1502,"comment_status":"closed","ping_status":"closed","template":"","meta":{"_acf_changed":false},"product_brand":[],"product_cat":[295,296,48],"product_tag":[],"class_list":{"0":"post-1125","1":"product","2":"type-product","3":"status-publish","4":"has-post-thumbnail","6":"product_cat-rjesenja-za-hotele","7":"product_cat-ugostiteljstvo","8":"product_cat-tende","10":"first","11":"instock","12":"shipping-taxable","13":"product-type-simple"},"acf":[],"_links":{"self":[{"href":"http:\/\/www.dundo-interijeri.hr\/de\/wp-json\/wp\/v2\/product\/1125","targetHints":{"allow":["GET"]}}],"collection":[{"href":"http:\/\/www.dundo-interijeri.hr\/de\/wp-json\/wp\/v2\/product"}],"about":[{"href":"http:\/\/www.dundo-interijeri.hr\/de\/wp-json\/wp\/v2\/types\/product"}],"replies":[{"embeddable":true,"href":"http:\/\/www.dundo-interijeri.hr\/de\/wp-json\/wp\/v2\/comments?post=1125"}],"wp:featuredmedia":[{"embeddable":true,"href":"http:\/\/www.dundo-interijeri.hr\/de\/wp-json\/wp\/v2\/media\/1502"}],"wp:attachment":[{"href":"http:\/\/www.dundo-interijeri.hr\/de\/wp-json\/wp\/v2\/media?parent=1125"}],"wp:term":[{"taxonomy":"product_brand","embeddable":true,"href":"http:\/\/www.dundo-interijeri.hr\/de\/wp-json\/wp\/v2\/product_brand?post=1125"},{"taxonomy":"product_cat","embeddable":true,"href":"http:\/\/www.dundo-interijeri.hr\/de\/wp-json\/wp\/v2\/product_cat?post=1125"},{"taxonomy":"product_tag","embeddable":true,"href":"http:\/\/www.dundo-interijeri.hr\/de\/wp-json\/wp\/v2\/product_tag?post=1125"}],"curies":[{"name":"wp","href":"https:\/\/api.w.org\/{rel}","templated":true}]}}