{"id":1124,"date":"2025-03-26T15:42:28","date_gmt":"2025-03-26T14:42:28","guid":{"rendered":"http:\/\/www.dundo-interijeri.hr\/?post_type=product&#038;p=1124"},"modified":"2025-07-18T12:12:19","modified_gmt":"2025-07-18T10:12:19","slug":"ravna-tenda","status":"publish","type":"product","link":"http:\/\/www.dundo-interijeri.hr\/proizvod\/ravna-tenda\/","title":{"rendered":"Ravna tenda"},"content":{"rendered":"","protected":false},"excerpt":{"rendered":"<p class=\"\" data-start=\"44\" data-end=\"107\"><strong data-start=\"44\" data-end=\"107\">Ravna zglobna tenda \u2013 najpopularniji odabir za va\u0161 prostor!<\/strong><\/p>\n<p class=\"\" data-start=\"109\" data-end=\"330\">Ravna zglobna tenda je najtra\u017eeniji model zbog svoje \u010dvrste aluminijske konstrukcije, bijelo plastificirane za dugotrajan izgled i otpornost. Platno je vodootporno, ne izblije\u0111uje i u\u010dinkovito odbija sun\u010devu svjetlost \ud83c\udf1e.<\/p>\n<p class=\"\" data-start=\"332\" data-end=\"820\">\u2728 <strong data-start=\"334\" data-end=\"367\">Prednosti ravne zglobne tende<\/strong><br data-start=\"367\" data-end=\"370\" \/>\u2705 <strong data-start=\"372\" data-end=\"399\">Fleksibilno upravljanje<\/strong> \u2013 mogu\u0107nost ru\u010dnog upravljanja pomo\u0107u kurble ili palice, ili elektri\u010dnog uz daljinski upravlja\u010d \ud83c\udf9b\ufe0f<br data-start=\"499\" data-end=\"502\" \/>\u2705 <strong data-start=\"504\" data-end=\"524\">Pove\u0107ana za\u0161tita<\/strong> \u2013 opcija za ugradnju senzora za vjetar, sunce ili ki\u0161u \ud83c\udf2c\ufe0f\ud83c\udf1e\ud83c\udf27\ufe0f<br data-start=\"588\" data-end=\"591\" \/>\u2705 <strong data-start=\"593\" data-end=\"621\">Maksimalna \u0161irina do 12m<\/strong> \u2013 savr\u0161ena za velike terase, balkone i vrtove \ud83c\udf3f<br data-start=\"670\" data-end=\"673\" \/>\u2705 <strong data-start=\"675\" data-end=\"697\">Izba\u010daj ruku do 3m<\/strong> \u2013 pru\u017ea veliku za\u0161titu od sunca i ki\u0161e<br data-start=\"736\" data-end=\"739\" \/>\u2705 <strong data-start=\"741\" data-end=\"771\">\u0160irok izbor boja i uzoraka<\/strong> \u2013 prilagodite tenda svojim \u017eeljama i prostoru \ud83c\udf08<\/p>\n<p class=\"\" data-start=\"822\" data-end=\"929\">\ud83d\udccf <strong data-start=\"825\" data-end=\"847\">Dimenzije i opcije<\/strong><br data-start=\"847\" data-end=\"850\" \/>\ud83d\udd39 Maksimalna \u0161irina tende do 12m<br data-start=\"883\" data-end=\"886\" \/>\ud83d\udd39 Izba\u010daj do 3m \u2013 za optimalnu pokrivenost<\/p>\n<p class=\"\" data-start=\"931\" data-end=\"1106\">\ud83d\udd27 <strong data-start=\"934\" data-end=\"944\">Usluge<\/strong><br data-start=\"944\" data-end=\"947\" \/>\ud83d\udd38 <strong data-start=\"950\" data-end=\"972\">Mjerenje i monta\u017ea<\/strong> \u2013 izlazimo na teren i osiguravamo savr\u0161en fit za va\u0161 prostor<br data-start=\"1033\" data-end=\"1036\" \/>\ud83d\udd38 <strong data-start=\"1039\" data-end=\"1061\">Garancija i servis<\/strong> \u2013 dugovje\u010dnost tende uz na\u0161u potpunu podr\u0161ku<\/p>\n<p class=\"\" data-start=\"1108\" data-end=\"1200\">Neka va\u0161a terasa ili vrt postanu savr\u0161en prostor za opu\u0161tanje uz na\u0161u ravnu zglobnu tendu! \u2728<\/p>\n","protected":false},"featured_media":1434,"comment_status":"closed","ping_status":"closed","template":"","meta":{"_acf_changed":false},"product_brand":[],"product_cat":[295,296,48],"product_tag":[],"class_list":{"0":"post-1124","1":"product","2":"type-product","3":"status-publish","4":"has-post-thumbnail","6":"product_cat-rjesenja-za-hotele","7":"product_cat-ugostiteljstvo","8":"product_cat-tende","10":"first","11":"instock","12":"shipping-taxable","13":"product-type-simple"},"acf":[],"_links":{"self":[{"href":"http:\/\/www.dundo-interijeri.hr\/de\/wp-json\/wp\/v2\/product\/1124","targetHints":{"allow":["GET"]}}],"collection":[{"href":"http:\/\/www.dundo-interijeri.hr\/de\/wp-json\/wp\/v2\/product"}],"about":[{"href":"http:\/\/www.dundo-interijeri.hr\/de\/wp-json\/wp\/v2\/types\/product"}],"replies":[{"embeddable":true,"href":"http:\/\/www.dundo-interijeri.hr\/de\/wp-json\/wp\/v2\/comments?post=1124"}],"wp:featuredmedia":[{"embeddable":true,"href":"http:\/\/www.dundo-interijeri.hr\/de\/wp-json\/wp\/v2\/media\/1434"}],"wp:attachment":[{"href":"http:\/\/www.dundo-interijeri.hr\/de\/wp-json\/wp\/v2\/media?parent=1124"}],"wp:term":[{"taxonomy":"product_brand","embeddable":true,"href":"http:\/\/www.dundo-interijeri.hr\/de\/wp-json\/wp\/v2\/product_brand?post=1124"},{"taxonomy":"product_cat","embeddable":true,"href":"http:\/\/www.dundo-interijeri.hr\/de\/wp-json\/wp\/v2\/product_cat?post=1124"},{"taxonomy":"product_tag","embeddable":true,"href":"http:\/\/www.dundo-interijeri.hr\/de\/wp-json\/wp\/v2\/product_tag?post=1124"}],"curies":[{"name":"wp","href":"https:\/\/api.w.org\/{rel}","templated":true}]}}