{"id":1997,"date":"2024-01-22T12:35:27","date_gmt":"2024-01-22T11:35:27","guid":{"rendered":"https:\/\/www.dundo-interijeri.hr\/?page_id=1997"},"modified":"2026-03-15T23:46:33","modified_gmt":"2026-03-15T22:46:33","slug":"datenschutzerklaerung","status":"publish","type":"page","link":"http:\/\/www.dundo-interijeri.hr\/de\/datenschutzerklaerung\/","title":{"rendered":"Datenschutzerkl\u00e4rung"},"content":{"rendered":"<p data-start=\"0\" data-end=\"201\"><strong data-start=\"0\" data-end=\"27\">Dundo interijeri d.o.o.<\/strong> verpflichtet sich, die Anonymit\u00e4t und Privatsph\u00e4re der Nutzer dieser Website zu respektieren. Es werden keine personenbezogenen Daten \u00fcber Besucher dieser Website gesammelt.<\/p>\n<p data-start=\"203\" data-end=\"367\">In F\u00e4llen, in denen die Identit\u00e4t des Besuchers\/Absenders bekannt ist, werden seine Daten ausschlie\u00dflich f\u00fcr den Zweck verwendet, f\u00fcr den sie bereitgestellt wurden.<\/p>\n<p data-start=\"369\" data-end=\"582\"><strong data-start=\"369\" data-end=\"396\">Dundo interijeri d.o.o.<\/strong> kann diese Daten auch nutzen, um die individuellen Bed\u00fcrfnisse und Anforderungen der Nutzer besser zu verstehen sowie die Qualit\u00e4t der angebotenen Dienstleistungen weiter zu verbessern.<\/p>\n<p data-start=\"584\" data-end=\"727\" data-is-last-node=\"\" data-is-only-node=\"\"><strong data-start=\"584\" data-end=\"611\">Dundo interijeri d.o.o.<\/strong> verpflichtet sich, diese Informationen ohne die ausdr\u00fcckliche Zustimmung des Nutzers nicht an Dritte weiterzugeben.<\/p>\n","protected":false},"excerpt":{"rendered":"<p>Dundo interijeri d.o.o. verpflichtet sich, die Anonymit\u00e4t und Privatsph\u00e4re der Nutzer dieser Website zu respektieren. Es werden keine personenbezogenen Daten \u00fcber Besucher dieser Website gesammelt. In F\u00e4llen, in denen die Identit\u00e4t des Besuchers\/Absenders bekannt ist, werden seine Daten ausschlie\u00dflich f\u00fcr den Zweck verwendet, f\u00fcr den sie bereitgestellt wurden. Dundo interijeri d.o.o. kann diese Daten auch [&hellip;]<\/p>\n","protected":false},"author":2,"featured_media":1998,"parent":0,"menu_order":0,"comment_status":"closed","ping_status":"open","template":"template-default.php","meta":{"_acf_changed":false,"footnotes":""},"class_list":["post-1997","page","type-page","status-publish","has-post-thumbnail","hentry"],"acf":[],"_links":{"self":[{"href":"http:\/\/www.dundo-interijeri.hr\/de\/wp-json\/wp\/v2\/pages\/1997","targetHints":{"allow":["GET"]}}],"collection":[{"href":"http:\/\/www.dundo-interijeri.hr\/de\/wp-json\/wp\/v2\/pages"}],"about":[{"href":"http:\/\/www.dundo-interijeri.hr\/de\/wp-json\/wp\/v2\/types\/page"}],"author":[{"embeddable":true,"href":"http:\/\/www.dundo-interijeri.hr\/de\/wp-json\/wp\/v2\/users\/2"}],"replies":[{"embeddable":true,"href":"http:\/\/www.dundo-interijeri.hr\/de\/wp-json\/wp\/v2\/comments?post=1997"}],"version-history":[{"count":1,"href":"http:\/\/www.dundo-interijeri.hr\/de\/wp-json\/wp\/v2\/pages\/1997\/revisions"}],"predecessor-version":[{"id":1999,"href":"http:\/\/www.dundo-interijeri.hr\/de\/wp-json\/wp\/v2\/pages\/1997\/revisions\/1999"}],"wp:featuredmedia":[{"embeddable":true,"href":"http:\/\/www.dundo-interijeri.hr\/de\/wp-json\/wp\/v2\/media\/1998"}],"wp:attachment":[{"href":"http:\/\/www.dundo-interijeri.hr\/de\/wp-json\/wp\/v2\/media?parent=1997"}],"curies":[{"name":"wp","href":"https:\/\/api.w.org\/{rel}","templated":true}]}}