{"id":1995,"date":"2024-12-11T09:43:27","date_gmt":"2024-12-11T08:43:27","guid":{"rendered":"https:\/\/www.dundo-interijeri.hr\/?page_id=1995"},"modified":"2026-03-15T23:44:45","modified_gmt":"2026-03-15T22:44:45","slug":"referenzen","status":"publish","type":"page","link":"http:\/\/www.dundo-interijeri.hr\/de\/referenzen\/","title":{"rendered":"Referenzen"},"content":{"rendered":"<article class=\"text-token-text-primary w-full focus:outline-none [--shadow-height:45px] has-data-writing-block:pointer-events-none has-data-writing-block:-mt-(--shadow-height) has-data-writing-block:pt-(--shadow-height) [&amp;:has([data-writing-block])&gt;*]:pointer-events-auto scroll-mt-(--header-height)\" dir=\"auto\" tabindex=\"-1\" data-turn-id=\"cb9bd4dd-9a21-480f-9cae-73169127b319\" data-testid=\"conversation-turn-11\" data-scroll-anchor=\"false\" data-turn=\"user\"><\/article>\n<article class=\"text-token-text-primary w-full focus:outline-none [--shadow-height:45px] has-data-writing-block:pointer-events-none has-data-writing-block:-mt-(--shadow-height) has-data-writing-block:pt-(--shadow-height) [&amp;:has([data-writing-block])&gt;*]:pointer-events-auto scroll-mt-[calc(var(--header-height)+min(200px,max(70px,20svh)))]\" dir=\"auto\" tabindex=\"-1\" data-turn-id=\"request-69b6ce78-0210-8331-85e6-a88bd7bcc10c-3\" data-testid=\"conversation-turn-12\" data-scroll-anchor=\"true\" data-turn=\"assistant\">\n<div class=\"text-base my-auto mx-auto pb-10 [--thread-content-margin:var(--thread-content-margin-xs,calc(var(--spacing)*4))] @w-sm\/main:[--thread-content-margin:var(--thread-content-margin-sm,calc(var(--spacing)*6))] @w-lg\/main:[--thread-content-margin:var(--thread-content-margin-lg,calc(var(--spacing)*16))] px-(--thread-content-margin)\">\n<div class=\"[--thread-content-max-width:40rem] @w-lg\/main:[--thread-content-max-width:48rem] mx-auto max-w-(--thread-content-max-width) flex-1 group\/turn-messages focus-visible:outline-hidden relative flex w-full min-w-0 flex-col agent-turn\" tabindex=\"-1\">\n<div class=\"flex max-w-full flex-col gap-4 grow\">\n<div class=\"min-h-8 text-message relative flex w-full flex-col items-end gap-2 text-start break-words whitespace-normal [.text-message+&amp;]:mt-1\" dir=\"auto\" data-message-author-role=\"assistant\" data-message-id=\"07812f7b-349b-4c0f-9e30-01cfdc5cfc72\" data-message-model-slug=\"gpt-5-3\">\n<div class=\"flex w-full flex-col gap-1 empty:hidden\">\n<div class=\"markdown prose dark:prose-invert w-full wrap-break-word dark markdown-new-styling\">\n<p data-start=\"0\" data-end=\"181\">Mit unseren Produkten \u2013 Innen- und Au\u00dfenbeschattungssystemen \u2013 sowie der Montage von abgeh\u00e4ngten Decken und Trennw\u00e4nden haben wir zahlreiche Gesch\u00e4fts- und Wohnr\u00e4ume ausgestattet.<\/p>\n<p data-start=\"183\" data-end=\"367\" data-is-last-node=\"\" data-is-only-node=\"\">Dazu z\u00e4hlen unter anderem Banken, Einkaufszentren, Gastronomiebetriebe, Krankenh\u00e4user, Kliniken, Zahnarztpraxen, Anwalts- und Notariatskanzleien, Botschaften, Schulen und Kinderg\u00e4rten.<\/p>\n<\/div>\n<\/div>\n<\/div>\n<\/div>\n<\/div>\n<\/div>\n<\/article>\n","protected":false},"excerpt":{"rendered":"<p>Mit unseren Produkten \u2013 Innen- und Au\u00dfenbeschattungssystemen \u2013 sowie der Montage von abgeh\u00e4ngten Decken und Trennw\u00e4nden haben wir zahlreiche Gesch\u00e4fts- und Wohnr\u00e4ume ausgestattet. Dazu z\u00e4hlen unter anderem Banken, Einkaufszentren, Gastronomiebetriebe, Krankenh\u00e4user, Kliniken, Zahnarztpraxen, Anwalts- und Notariatskanzleien, Botschaften, Schulen und Kinderg\u00e4rten.<\/p>\n","protected":false},"author":2,"featured_media":0,"parent":0,"menu_order":0,"comment_status":"closed","ping_status":"closed","template":"template-reference.php","meta":{"_acf_changed":false,"footnotes":""},"class_list":["post-1995","page","type-page","status-publish","hentry"],"acf":[],"_links":{"self":[{"href":"http:\/\/www.dundo-interijeri.hr\/de\/wp-json\/wp\/v2\/pages\/1995","targetHints":{"allow":["GET"]}}],"collection":[{"href":"http:\/\/www.dundo-interijeri.hr\/de\/wp-json\/wp\/v2\/pages"}],"about":[{"href":"http:\/\/www.dundo-interijeri.hr\/de\/wp-json\/wp\/v2\/types\/page"}],"author":[{"embeddable":true,"href":"http:\/\/www.dundo-interijeri.hr\/de\/wp-json\/wp\/v2\/users\/2"}],"replies":[{"embeddable":true,"href":"http:\/\/www.dundo-interijeri.hr\/de\/wp-json\/wp\/v2\/comments?post=1995"}],"version-history":[{"count":1,"href":"http:\/\/www.dundo-interijeri.hr\/de\/wp-json\/wp\/v2\/pages\/1995\/revisions"}],"predecessor-version":[{"id":1996,"href":"http:\/\/www.dundo-interijeri.hr\/de\/wp-json\/wp\/v2\/pages\/1995\/revisions\/1996"}],"wp:attachment":[{"href":"http:\/\/www.dundo-interijeri.hr\/de\/wp-json\/wp\/v2\/media?parent=1995"}],"curies":[{"name":"wp","href":"https:\/\/api.w.org\/{rel}","templated":true}]}}