{"id":1991,"date":"2024-12-11T09:43:19","date_gmt":"2024-12-11T08:43:19","guid":{"rendered":"https:\/\/www.dundo-interijeri.hr\/?page_id=1991"},"modified":"2026-03-15T23:43:21","modified_gmt":"2026-03-15T22:43:21","slug":"unsere-dienstleistungen","status":"publish","type":"page","link":"http:\/\/www.dundo-interijeri.hr\/de\/unsere-dienstleistungen\/","title":{"rendered":"Unsere Dienstleistungen"},"content":{"rendered":"<p data-start=\"0\" data-end=\"373\"><strong data-start=\"0\" data-end=\"27\">Dundo interijeri d.o.o.<\/strong> ist spezialisiert auf die Herstellung, Vermessung und Montage von Aluminiumjalousien, Vertikaljalousien, Rollos, Panel- und Raffrollos, Au\u00dfenjalousien, Brise-Soleil, Insektenschutzgittern, Rolll\u00e4den, Markisen, Balkonsichtschutz sowie \u00dcberdachungen.<br data-start=\"276\" data-end=\"279\" data-is-only-node=\"\" \/>Wir \u00fcbernehmen au\u00dferdem die Montage von abgeh\u00e4ngten Decken, Trennw\u00e4nden und Wandverkleidungen.<\/p>\n<p data-start=\"375\" data-end=\"484\" data-is-last-node=\"\" data-is-only-node=\"\">\u2728 Dar\u00fcber hinaus n\u00e4hen wir Vorh\u00e4nge aus einer gro\u00dfen Auswahl an Stoffen \u2013 ideal f\u00fcr Wohn- und Gesch\u00e4ftsr\u00e4ume.<\/p>\n","protected":false},"excerpt":{"rendered":"<p>Dundo interijeri d.o.o. ist spezialisiert auf die Herstellung, Vermessung und Montage von Aluminiumjalousien, Vertikaljalousien, Rollos, Panel- und Raffrollos, Au\u00dfenjalousien, Brise-Soleil, Insektenschutzgittern, Rolll\u00e4den, Markisen, Balkonsichtschutz sowie \u00dcberdachungen.Wir \u00fcbernehmen au\u00dferdem die Montage von abgeh\u00e4ngten Decken, Trennw\u00e4nden und Wandverkleidungen. \u2728 Dar\u00fcber hinaus n\u00e4hen wir Vorh\u00e4nge aus einer gro\u00dfen Auswahl an Stoffen \u2013 ideal f\u00fcr Wohn- und Gesch\u00e4ftsr\u00e4ume.<\/p>\n","protected":false},"author":2,"featured_media":0,"parent":0,"menu_order":0,"comment_status":"closed","ping_status":"closed","template":"template-usluge.php","meta":{"_acf_changed":false,"footnotes":""},"class_list":["post-1991","page","type-page","status-publish","hentry"],"acf":[],"_links":{"self":[{"href":"http:\/\/www.dundo-interijeri.hr\/de\/wp-json\/wp\/v2\/pages\/1991","targetHints":{"allow":["GET"]}}],"collection":[{"href":"http:\/\/www.dundo-interijeri.hr\/de\/wp-json\/wp\/v2\/pages"}],"about":[{"href":"http:\/\/www.dundo-interijeri.hr\/de\/wp-json\/wp\/v2\/types\/page"}],"author":[{"embeddable":true,"href":"http:\/\/www.dundo-interijeri.hr\/de\/wp-json\/wp\/v2\/users\/2"}],"replies":[{"embeddable":true,"href":"http:\/\/www.dundo-interijeri.hr\/de\/wp-json\/wp\/v2\/comments?post=1991"}],"version-history":[{"count":2,"href":"http:\/\/www.dundo-interijeri.hr\/de\/wp-json\/wp\/v2\/pages\/1991\/revisions"}],"predecessor-version":[{"id":1994,"href":"http:\/\/www.dundo-interijeri.hr\/de\/wp-json\/wp\/v2\/pages\/1991\/revisions\/1994"}],"wp:attachment":[{"href":"http:\/\/www.dundo-interijeri.hr\/de\/wp-json\/wp\/v2\/media?parent=1991"}],"curies":[{"name":"wp","href":"https:\/\/api.w.org\/{rel}","templated":true}]}}