{"id":1985,"date":"2024-12-11T09:42:58","date_gmt":"2024-12-11T08:42:58","guid":{"rendered":"https:\/\/www.dundo-interijeri.hr\/?page_id=1985"},"modified":"2026-03-15T16:23:05","modified_gmt":"2026-03-15T15:23:05","slug":"ueber-uns","status":"publish","type":"page","link":"http:\/\/www.dundo-interijeri.hr\/de\/ueber-uns\/","title":{"rendered":"\u00dcber uns"},"content":{"rendered":"<p data-start=\"14\" data-end=\"222\">Die Firma <strong data-start=\"24\" data-end=\"51\">Dundo interijeri d.o.o.<\/strong> wurde im Jahr 1988 als Schwesterunternehmen der Handwerkswerkstatt <strong data-start=\"119\" data-end=\"140\">Horton interijeri<\/strong> in Zagreb, Gosposvetska 30 gegr\u00fcndet, die von Herrn Zdravko Horvat gef\u00fchrt wurde.<\/p>\n<p data-start=\"224\" data-end=\"450\">Nach dem Tod von Herrn Zdravko Horvat \u00fcbernahm sein Sohn Dubravko Horvat den gesamten Gesch\u00e4ftsbetrieb mit denselben Mitarbeitern und an derselben Adresse in Zagreb, Gosposvetska 30, unter dem Namen <strong data-start=\"423\" data-end=\"450\">Dundo interijeri d.o.o.<\/strong><\/p>\n<p data-start=\"452\" data-end=\"834\">Die Firma <strong data-start=\"462\" data-end=\"489\">Dundo interijeri d.o.o.<\/strong> besch\u00e4ftigt sich mit der Herstellung, Vermessung und Montage von Aluminiumjalousien, Vertikaljalousien, Rollos, Panel- und Raffvorh\u00e4ngen, Au\u00dfenjalousien, Brise-Soleil, Insektenschutzgittern, Rolll\u00e4den, Markisen, Balkonsichtschutz sowie \u00dcberdachungen. Au\u00dferdem bieten wir die Montage von abgeh\u00e4ngten Decken, Trennw\u00e4nden und Wandverkleidungen an.<\/p>\n<p data-start=\"836\" data-end=\"876\">Service und Garantie sind gew\u00e4hrleistet.<\/p>\n<p data-start=\"878\" data-end=\"929\">Wir arbeiten im gesamten Gebiet Kroatiens.<\/p>\n","protected":false},"excerpt":{"rendered":"<p>Die Firma Dundo interijeri d.o.o. wurde im Jahr 1988 als Schwesterunternehmen der Handwerkswerkstatt Horton interijeri in Zagreb, Gosposvetska 30 gegr\u00fcndet, die von Herrn Zdravko Horvat gef\u00fchrt wurde. Nach dem Tod von Herrn Zdravko Horvat \u00fcbernahm sein Sohn Dubravko Horvat den gesamten Gesch\u00e4ftsbetrieb mit denselben Mitarbeitern und an derselben Adresse in Zagreb, Gosposvetska 30, unter dem [&hellip;]<\/p>\n","protected":false},"author":2,"featured_media":0,"parent":0,"menu_order":0,"comment_status":"closed","ping_status":"closed","template":"template-o-nama.php","meta":{"_acf_changed":false,"footnotes":""},"class_list":["post-1985","page","type-page","status-publish","hentry"],"acf":[],"_links":{"self":[{"href":"http:\/\/www.dundo-interijeri.hr\/de\/wp-json\/wp\/v2\/pages\/1985","targetHints":{"allow":["GET"]}}],"collection":[{"href":"http:\/\/www.dundo-interijeri.hr\/de\/wp-json\/wp\/v2\/pages"}],"about":[{"href":"http:\/\/www.dundo-interijeri.hr\/de\/wp-json\/wp\/v2\/types\/page"}],"author":[{"embeddable":true,"href":"http:\/\/www.dundo-interijeri.hr\/de\/wp-json\/wp\/v2\/users\/2"}],"replies":[{"embeddable":true,"href":"http:\/\/www.dundo-interijeri.hr\/de\/wp-json\/wp\/v2\/comments?post=1985"}],"version-history":[{"count":1,"href":"http:\/\/www.dundo-interijeri.hr\/de\/wp-json\/wp\/v2\/pages\/1985\/revisions"}],"predecessor-version":[{"id":1987,"href":"http:\/\/www.dundo-interijeri.hr\/de\/wp-json\/wp\/v2\/pages\/1985\/revisions\/1987"}],"wp:attachment":[{"href":"http:\/\/www.dundo-interijeri.hr\/de\/wp-json\/wp\/v2\/media?parent=1985"}],"curies":[{"name":"wp","href":"https:\/\/api.w.org\/{rel}","templated":true}]}}